{"id":98,"date":"2022-11-10T11:03:23","date_gmt":"2022-11-10T10:03:23","guid":{"rendered":"https:\/\/hellocase.eu\/?page_id=98"},"modified":"2022-11-15T06:51:33","modified_gmt":"2022-11-15T05:51:33","slug":"strona-glowna","status":"publish","type":"page","link":"https:\/\/hellocase.eu\/pl\/","title":{"rendered":"Strona g\u0142\u00f3wna"},"content":{"rendered":"<section class=\"wpb-content-wrapper\">[vc_row et_full_width=&#8221;true&#8221; et_row_padding=&#8221;true&#8221; et_column_align=&#8221;align-center&#8221; full_height=&#8221;yes&#8221; columns_placement=&#8221;top&#8221; equal_height=&#8221;yes&#8221; el_id=&#8221;home-main-slider&#8221;]   [vc_column offset=&#8221;vc_hidden-sm vc_hidden-xs&#8221;]      <div id=\"et-banner-slider-69e1ea305eaf6\" class=\"et-banner-slider slick slick-slider slick-controls-gray slick-dots-disabled\" data-navigation=\"true\" data-fade=\"true\" data-infinite=\"true\"  data-columns=\"1\" >      \r\n\t\t<div class=\"et-banner-69e1ea305eb61 et-banner content-full  image-type-css vh-height text-color-dark hover-effect hover-zoom fullShield_bg\"><div class=\"et-banner-image\" role=\"img\" aria-label=\"FullShield_slider\" data-image=\"https:\/\/cdn.sela.to\/uploads\/2022\/11\/FullShield_slider.png\" style=\"background-image: url(https:\/\/cdn.sela.to\/uploads\/2022\/11\/FullShield_slider.png);\"><\/div>\r\n\t\t\t<div class=\"et-banner-content\">\r\n\t\t\t\t<div class=\"et-banner-content-inner container\">\r\n\t\t\t\t\t<div class=\"et-banner-text h_right v_center align_right\">\r\n\t\t\t\t\t\t<div class=\"et-banner-text-inner animated\" data-animate=\"et-fadeInRight\"><h4 class=\"et-banner-subtitle  color- tag_style\">SZK\u0142A OCHRONNE<\/h4><h2 class=\"et-banner-title color- xxlarge\">HELLOCASE<br \/>FullShield<\/h2><div class=\"et-banner-paragraph\">Pe\u0142na ochrona ekranu smartfona<\/div><a href=\"https:\/\/hellocase.eu\/pl\/series\/fullshield\/\" class=\"et-banner-link button et_btn link color- \">KUP TERAZ<\/a><\/div>\r\n\t\t\t\t\t<\/div>\r\n\t\t\t\t<\/div>\r\n\t\t\t<\/div>\r\n\t\t<\/div>\r\n\t\t<div class=\"et-banner-69e1ea305edb7 et-banner content-full  image-type-css vh-height text-color-dark hover-effect hover-zoom flexyShield_bg\"><div class=\"et-banner-image\" role=\"img\" aria-label=\"FlexyShield_slider\" data-image=\"https:\/\/cdn.sela.to\/uploads\/2022\/11\/FlexyShield_slider.png\" style=\"background-image: url(https:\/\/cdn.sela.to\/uploads\/2022\/11\/FlexyShield_slider.png);\"><\/div>\r\n\t\t\t<div class=\"et-banner-content\">\r\n\t\t\t\t<div class=\"et-banner-content-inner container\">\r\n\t\t\t\t\t<div class=\"et-banner-text h_right v_center align_right\">\r\n\t\t\t\t\t\t<div class=\"et-banner-text-inner animated\" data-animate=\"et-fadeInRight\"><h4 class=\"et-banner-subtitle  color- tag_style\">FOLIE OCHRONNE<\/h4><h2 class=\"et-banner-title color- xxlarge\">HELLOCASE<br \/>FlexyShield<\/h2><div class=\"et-banner-paragraph\">Elastyczna folia ochronna<\/div><a href=\"https:\/\/hellocase.eu\/pl\/series\/flexyshield\/\" class=\"et-banner-link button et_btn link color- \">KUP TERAZ<\/a><\/div>\r\n\t\t\t\t\t<\/div>\r\n\t\t\t\t<\/div>\r\n\t\t\t<\/div>\r\n\t\t<\/div>\r\n\t\t<div class=\"et-banner-69e1ea305efb8 et-banner content-full  image-type-css vh-height text-color-dark hover-effect hover-zoom classicShield_bg\"><div class=\"et-banner-image\" role=\"img\" aria-label=\"ClassicShield_slider\" data-image=\"https:\/\/cdn.sela.to\/uploads\/2022\/11\/ClassicShield_slider.png\" style=\"background-image: url(https:\/\/cdn.sela.to\/uploads\/2022\/11\/ClassicShield_slider.png);\"><\/div>\r\n\t\t\t<div class=\"et-banner-content\">\r\n\t\t\t\t<div class=\"et-banner-content-inner container\">\r\n\t\t\t\t\t<div class=\"et-banner-text h_right v_center align_right\">\r\n\t\t\t\t\t\t<div class=\"et-banner-text-inner animated\" data-animate=\"et-fadeInRight\"><h4 class=\"et-banner-subtitle  color- tag_style\">SZK\u0142A OCHRONNE<\/h4><h2 class=\"et-banner-title color- xxlarge\">HELLOCASE<br \/>ClassicShield<\/h2><div class=\"et-banner-paragraph\">Podstawowa ochrona ekranu<\/div><a href=\"https:\/\/hellocase.eu\/pl\/series\/classicshield\/\" class=\"et-banner-link button et_btn link color- \">KUP TERAZ<\/a><\/div>\r\n\t\t\t\t\t<\/div>\r\n\t\t\t\t<\/div>\r\n\t\t\t<\/div>\r\n\t\t<\/div>\r\n\t\t<div class=\"et-banner-69e1ea305f1ac et-banner content-full  image-type-css vh-height text-color-dark hover-effect hover-zoom premiumShield_bg\"><div class=\"et-banner-image\" role=\"img\" aria-label=\"PremiumShield_slider\" data-image=\"https:\/\/cdn.sela.to\/uploads\/2022\/11\/PremiumShield_slider.png\" style=\"background-image: url(https:\/\/cdn.sela.to\/uploads\/2022\/11\/PremiumShield_slider.png);\"><\/div>\r\n\t\t\t<div class=\"et-banner-content\">\r\n\t\t\t\t<div class=\"et-banner-content-inner container\">\r\n\t\t\t\t\t<div class=\"et-banner-text h_right v_center align_right\">\r\n\t\t\t\t\t\t<div class=\"et-banner-text-inner animated\" data-animate=\"et-fadeInRight\"><h4 class=\"et-banner-subtitle  color- tag_style\">SZK\u0142A OCHRONNE<\/h4><h2 class=\"et-banner-title color- xxlarge\">HELLOCASE<br \/>PremiumShield<\/h2><div class=\"et-banner-paragraph\">Ochrona premium dla ekranu smartfona!<\/div><a href=\"https:\/\/hellocase.eu\/pl\/series\/premiumshield\/\" class=\"et-banner-link button et_btn link color- \">KUP TERAZ<\/a><\/div>\r\n\t\t\t\t\t<\/div>\r\n\t\t\t\t<\/div>\r\n\t\t\t<\/div>\r\n\t\t<\/div>      <\/div>   [\/vc_column]   [vc_column offset=&#8221;vc_hidden-lg vc_hidden-md vc_col-xs-12&#8243;]      <div id=\"et-banner-slider-69e1ea305f3ae\" class=\"et-banner-slider slick slick-slider slick-controls-gray slick-dots-disabled\" data-adaptive-height=\"true\" data-navigation=\"true\" data-fade=\"true\" data-infinite=\"true\"  data-columns=\"1\" >      \r\n\t\t<div class=\"et-banner-69e1ea305f3db et-banner content-full  image-type-css vh-height text-color-dark hover-effect hover-zoom fullShield_bg\"><div class=\"et-banner-image\" role=\"img\" aria-label=\"HELLOCASE FullShield &#8211; mobile\" data-image=\"https:\/\/cdn.sela.to\/uploads\/2022\/11\/HELLOCASE-FullShield-mobile-2.png\" style=\"background-image: url(https:\/\/cdn.sela.to\/uploads\/2022\/11\/HELLOCASE-FullShield-mobile-2.png);\"><\/div>\r\n\t\t\t<div class=\"et-banner-content\">\r\n\t\t\t\t<div class=\"et-banner-content-inner container\">\r\n\t\t\t\t\t<div class=\"et-banner-text h_center v_bottom align_center\">\r\n\t\t\t\t\t\t<div class=\"et-banner-text-inner animated\" data-animate=\"et-fadeInRight\"><h2 class=\"et-banner-title color- xxlarge\">HELLOCASE FullShield<\/h2><div class=\"et-banner-paragraph\">Pe\u0142na ochrona ekranu smartfona<\/div><a href=\"https:\/\/hellocase.eu\/pl\/series\/fullshield\/\" class=\"et-banner-link button et_btn link color- \">KUP TERAZ<\/a><\/div>\r\n\t\t\t\t\t<\/div>\r\n\t\t\t\t<\/div>\r\n\t\t\t<\/div>\r\n\t\t<\/div>\r\n\t\t<div class=\"et-banner-69e1ea305f5db et-banner content-full  image-type-css vh-height text-color-dark hover-effect hover-zoom flexyShield_bg\"><div class=\"et-banner-image\" role=\"img\" aria-label=\"HELLOCASE FlexyShield &#8211; mobile\" data-image=\"https:\/\/cdn.sela.to\/uploads\/2022\/11\/HELLOCASE-FlexyShield-mobile.png\" style=\"background-image: url(https:\/\/cdn.sela.to\/uploads\/2022\/11\/HELLOCASE-FlexyShield-mobile.png);\"><\/div>\r\n\t\t\t<div class=\"et-banner-content\">\r\n\t\t\t\t<div class=\"et-banner-content-inner container\">\r\n\t\t\t\t\t<div class=\"et-banner-text h_center v_bottom align_center\">\r\n\t\t\t\t\t\t<div class=\"et-banner-text-inner animated\" data-animate=\"et-fadeInRight\"><h2 class=\"et-banner-title color- xxlarge\">HELLOCASE FlexyShield<\/h2><div class=\"et-banner-paragraph\">Elastyczna folia ochronna<\/div><a href=\"https:\/\/hellocase.eu\/pl\/series\/flexyshield\/\" class=\"et-banner-link button et_btn link color- \">KUP TERAZ<\/a><\/div>\r\n\t\t\t\t\t<\/div>\r\n\t\t\t\t<\/div>\r\n\t\t\t<\/div>\r\n\t\t<\/div>\r\n\t\t<div class=\"et-banner-69e1ea305f7ce et-banner content-full  image-type-css vh-height text-color-dark hover-effect hover-zoom classicShield_bg\"><div class=\"et-banner-image\" role=\"img\" aria-label=\"HELLOCASE ClassicShield &#8211; mobile\" data-image=\"https:\/\/cdn.sela.to\/uploads\/2022\/11\/HELLOCASE-ClassicShield-mobile.png\" style=\"background-image: url(https:\/\/cdn.sela.to\/uploads\/2022\/11\/HELLOCASE-ClassicShield-mobile.png);\"><\/div>\r\n\t\t\t<div class=\"et-banner-content\">\r\n\t\t\t\t<div class=\"et-banner-content-inner container\">\r\n\t\t\t\t\t<div class=\"et-banner-text h_center v_bottom align_center\">\r\n\t\t\t\t\t\t<div class=\"et-banner-text-inner animated\" data-animate=\"et-fadeInRight\"><h2 class=\"et-banner-title color- xxlarge\">HELLOCASE ClassicShield<\/h2><div class=\"et-banner-paragraph\">Podstawowa ochrona ekranu<\/div><a href=\"https:\/\/hellocase.eu\/pl\/series\/classicshield\/\" class=\"et-banner-link button et_btn link color- \">KUP TERAZ<\/a><\/div>\r\n\t\t\t\t\t<\/div>\r\n\t\t\t\t<\/div>\r\n\t\t\t<\/div>\r\n\t\t<\/div>\r\n\t\t<div class=\"et-banner-69e1ea305f9c1 et-banner content-full  image-type-css vh-height text-color-dark hover-effect hover-zoom premiumShield_bg\"><div class=\"et-banner-image\" role=\"img\" aria-label=\"HELLOCASE PremiumShield &#8211; mobile\" data-image=\"https:\/\/cdn.sela.to\/uploads\/2022\/11\/HELLOCASE-PremiumShield-mobile.png\" style=\"background-image: url(https:\/\/cdn.sela.to\/uploads\/2022\/11\/HELLOCASE-PremiumShield-mobile.png);\"><\/div>\r\n\t\t\t<div class=\"et-banner-content\">\r\n\t\t\t\t<div class=\"et-banner-content-inner container\">\r\n\t\t\t\t\t<div class=\"et-banner-text h_center v_bottom align_center\">\r\n\t\t\t\t\t\t<div class=\"et-banner-text-inner animated\" data-animate=\"et-fadeInRight\"><h2 class=\"et-banner-title color- xxlarge\">HELLOCASE PremiumShield<\/h2><div class=\"et-banner-paragraph\">Ochrona premium dla ekranu smartfona!<\/div><a href=\"https:\/\/hellocase.eu\/pl\/series\/premiumshield\/\" class=\"et-banner-link button et_btn link color- \">KUP TERAZ<\/a><\/div>\r\n\t\t\t\t\t<\/div>\r\n\t\t\t\t<\/div>\r\n\t\t\t<\/div>\r\n\t\t<\/div>      <\/div>   [\/vc_column][\/vc_row]\n<style type=\"text\/css\" data-type=\"vc_shortcodes-custom-css\"><\/style>\n<\/section>","protected":false},"excerpt":{"rendered":"<p>[vc_row et_full_width=&#8221;true&#8221; et_row_padding=&#8221;true&#8221; et_column_align=&#8221;align-center&#8221; full_height=&#8221;yes&#8221; columns_placement=&#8221;top&#8221; equal_height=&#8221;yes&#8221; el_id=&#8221;home-main-slider&#8221;] [vc_column offset=&#8221;vc_hidden-sm vc_hidden-xs&#8221;] SZK\u0142A OCHRONNEHELLOCASEFullShieldPe\u0142na ochrona ekranu smartfonaKUP TERAZ FOLIE OCHRONNEHELLOCASEFlexyShieldElastyczna folia ochronnaKUP TERAZ SZK\u0142A OCHRONNEHELLOCASEClassicShieldPodstawowa ochrona ekranuKUP TERAZ SZK\u0142A OCHRONNEHELLOCASEPremiumShieldOchrona premium dla ekranu smartfona!KUP TERAZ [\/vc_column] [vc_column offset=&#8221;vc_hidden-lg vc_hidden-md vc_col-xs-12&#8243;] HELLOCASE FullShieldPe\u0142na ochrona ekranu smartfonaKUP TERAZ HELLOCASE FlexyShieldElastyczna folia ochronnaKUP TERAZ&hellip;<\/p>\n","protected":false},"author":1,"featured_media":0,"parent":0,"menu_order":0,"comment_status":"closed","ping_status":"closed","template":"","meta":[],"acf":[],"yoast_head":"<!-- This site is optimized with the Yoast SEO plugin v20.4 - https:\/\/yoast.com\/wordpress\/plugins\/seo\/ -->\n<title>Strona g\u0142\u00f3wna - HELLOCASE<\/title>\n<meta name=\"robots\" content=\"index, follow, max-snippet:-1, max-image-preview:large, max-video-preview:-1\" \/>\n<link rel=\"canonical\" href=\"https:\/\/hellocase.eu\/pl\/\" \/>\n<meta property=\"og:locale\" content=\"pl_PL\" \/>\n<meta property=\"og:type\" content=\"article\" \/>\n<meta property=\"og:title\" content=\"Strona g\u0142\u00f3wna - HELLOCASE\" \/>\n<meta property=\"og:description\" content=\"[vc_row et_full_width=&#8221;true&#8221; et_row_padding=&#8221;true&#8221; et_column_align=&#8221;align-center&#8221; full_height=&#8221;yes&#8221; columns_placement=&#8221;top&#8221; equal_height=&#8221;yes&#8221; el_id=&#8221;home-main-slider&#8221;] [vc_column offset=&#8221;vc_hidden-sm vc_hidden-xs&#8221;] SZK\u0142A OCHRONNEHELLOCASEFullShieldPe\u0142na ochrona ekranu smartfonaKUP TERAZ FOLIE OCHRONNEHELLOCASEFlexyShieldElastyczna folia ochronnaKUP TERAZ SZK\u0142A OCHRONNEHELLOCASEClassicShieldPodstawowa ochrona ekranuKUP TERAZ SZK\u0142A OCHRONNEHELLOCASEPremiumShieldOchrona premium dla ekranu smartfona!KUP TERAZ [\/vc_column] [vc_column offset=&#8221;vc_hidden-lg vc_hidden-md vc_col-xs-12&#8243;] HELLOCASE FullShieldPe\u0142na ochrona ekranu smartfonaKUP TERAZ HELLOCASE FlexyShieldElastyczna folia ochronnaKUP TERAZ&hellip;\" \/>\n<meta property=\"og:url\" content=\"https:\/\/hellocase.eu\/pl\/\" \/>\n<meta property=\"og:site_name\" content=\"HELLOCASE\" \/>\n<meta property=\"article:modified_time\" content=\"2022-11-15T05:51:33+00:00\" \/>\n<meta name=\"twitter:card\" content=\"summary_large_image\" \/>\n<meta name=\"twitter:label1\" content=\"Szacowany czas czytania\" \/>\n\t<meta name=\"twitter:data1\" content=\"3 minuty\" \/>\n<script type=\"application\/ld+json\" class=\"yoast-schema-graph\">{\"@context\":\"https:\/\/schema.org\",\"@graph\":[{\"@type\":\"WebPage\",\"@id\":\"https:\/\/hellocase.eu\/pl\/\",\"url\":\"https:\/\/hellocase.eu\/pl\/\",\"name\":\"Strona g\u0142\u00f3wna - HELLOCASE\",\"isPartOf\":{\"@id\":\"https:\/\/hellocase.eu\/pl\/#website\"},\"datePublished\":\"2022-11-10T10:03:23+00:00\",\"dateModified\":\"2022-11-15T05:51:33+00:00\",\"breadcrumb\":{\"@id\":\"https:\/\/hellocase.eu\/pl\/#breadcrumb\"},\"inLanguage\":\"pl-PL\",\"potentialAction\":[{\"@type\":\"ReadAction\",\"target\":[\"https:\/\/hellocase.eu\/pl\/\"]}]},{\"@type\":\"BreadcrumbList\",\"@id\":\"https:\/\/hellocase.eu\/pl\/#breadcrumb\",\"itemListElement\":[{\"@type\":\"ListItem\",\"position\":1,\"name\":\"Strona g\u0142\u00f3wna\",\"item\":\"https:\/\/hellocase.eu\/pl\/\"},{\"@type\":\"ListItem\",\"position\":2,\"name\":\"Strona g\u0142\u00f3wna\"}]},{\"@type\":\"WebSite\",\"@id\":\"https:\/\/hellocase.eu\/pl\/#website\",\"url\":\"https:\/\/hellocase.eu\/pl\/\",\"name\":\"HELLOCASE\",\"description\":\"Your mobile partner\",\"potentialAction\":[{\"@type\":\"SearchAction\",\"target\":{\"@type\":\"EntryPoint\",\"urlTemplate\":\"https:\/\/hellocase.eu\/pl\/?s={search_term_string}\"},\"query-input\":\"required name=search_term_string\"}],\"inLanguage\":\"pl-PL\"}]}<\/script>\n<!-- \/ Yoast SEO plugin. -->","yoast_head_json":{"title":"Strona g\u0142\u00f3wna - HELLOCASE","robots":{"index":"index","follow":"follow","max-snippet":"max-snippet:-1","max-image-preview":"max-image-preview:large","max-video-preview":"max-video-preview:-1"},"canonical":"https:\/\/hellocase.eu\/pl\/","og_locale":"pl_PL","og_type":"article","og_title":"Strona g\u0142\u00f3wna - HELLOCASE","og_description":"[vc_row et_full_width=&#8221;true&#8221; et_row_padding=&#8221;true&#8221; et_column_align=&#8221;align-center&#8221; full_height=&#8221;yes&#8221; columns_placement=&#8221;top&#8221; equal_height=&#8221;yes&#8221; el_id=&#8221;home-main-slider&#8221;] [vc_column offset=&#8221;vc_hidden-sm vc_hidden-xs&#8221;] SZK\u0142A OCHRONNEHELLOCASEFullShieldPe\u0142na ochrona ekranu smartfonaKUP TERAZ FOLIE OCHRONNEHELLOCASEFlexyShieldElastyczna folia ochronnaKUP TERAZ SZK\u0142A OCHRONNEHELLOCASEClassicShieldPodstawowa ochrona ekranuKUP TERAZ SZK\u0142A OCHRONNEHELLOCASEPremiumShieldOchrona premium dla ekranu smartfona!KUP TERAZ [\/vc_column] [vc_column offset=&#8221;vc_hidden-lg vc_hidden-md vc_col-xs-12&#8243;] HELLOCASE FullShieldPe\u0142na ochrona ekranu smartfonaKUP TERAZ HELLOCASE FlexyShieldElastyczna folia ochronnaKUP TERAZ&hellip;","og_url":"https:\/\/hellocase.eu\/pl\/","og_site_name":"HELLOCASE","article_modified_time":"2022-11-15T05:51:33+00:00","twitter_card":"summary_large_image","twitter_misc":{"Szacowany czas czytania":"3 minuty"},"schema":{"@context":"https:\/\/schema.org","@graph":[{"@type":"WebPage","@id":"https:\/\/hellocase.eu\/pl\/","url":"https:\/\/hellocase.eu\/pl\/","name":"Strona g\u0142\u00f3wna - HELLOCASE","isPartOf":{"@id":"https:\/\/hellocase.eu\/pl\/#website"},"datePublished":"2022-11-10T10:03:23+00:00","dateModified":"2022-11-15T05:51:33+00:00","breadcrumb":{"@id":"https:\/\/hellocase.eu\/pl\/#breadcrumb"},"inLanguage":"pl-PL","potentialAction":[{"@type":"ReadAction","target":["https:\/\/hellocase.eu\/pl\/"]}]},{"@type":"BreadcrumbList","@id":"https:\/\/hellocase.eu\/pl\/#breadcrumb","itemListElement":[{"@type":"ListItem","position":1,"name":"Strona g\u0142\u00f3wna","item":"https:\/\/hellocase.eu\/pl\/"},{"@type":"ListItem","position":2,"name":"Strona g\u0142\u00f3wna"}]},{"@type":"WebSite","@id":"https:\/\/hellocase.eu\/pl\/#website","url":"https:\/\/hellocase.eu\/pl\/","name":"HELLOCASE","description":"Your mobile partner","potentialAction":[{"@type":"SearchAction","target":{"@type":"EntryPoint","urlTemplate":"https:\/\/hellocase.eu\/pl\/?s={search_term_string}"},"query-input":"required name=search_term_string"}],"inLanguage":"pl-PL"}]}},"_links":{"self":[{"href":"https:\/\/hellocase.eu\/pl\/wp-json\/wp\/v2\/pages\/98"}],"collection":[{"href":"https:\/\/hellocase.eu\/pl\/wp-json\/wp\/v2\/pages"}],"about":[{"href":"https:\/\/hellocase.eu\/pl\/wp-json\/wp\/v2\/types\/page"}],"author":[{"embeddable":true,"href":"https:\/\/hellocase.eu\/pl\/wp-json\/wp\/v2\/users\/1"}],"replies":[{"embeddable":true,"href":"https:\/\/hellocase.eu\/pl\/wp-json\/wp\/v2\/comments?post=98"}],"version-history":[{"count":0,"href":"https:\/\/hellocase.eu\/pl\/wp-json\/wp\/v2\/pages\/98\/revisions"}],"wp:attachment":[{"href":"https:\/\/hellocase.eu\/pl\/wp-json\/wp\/v2\/media?parent=98"}],"curies":[{"name":"wp","href":"https:\/\/api.w.org\/{rel}","templated":true}]}}