{"id":94,"date":"2022-11-10T11:00:46","date_gmt":"2022-11-10T10:00:46","guid":{"rendered":"https:\/\/hellocase.eu\/?page_id=94"},"modified":"2023-03-21T22:57:03","modified_gmt":"2023-03-21T21:57:03","slug":"o-nas","status":"publish","type":"page","link":"https:\/\/hellocase.eu\/pl\/o-nas\/","title":{"rendered":"O nas"},"content":{"rendered":"<section class=\"wpb-content-wrapper\"><div  class=\"sec_row container-fluid\"><div class=\"vc_row wpb_row vc_row-fluid no-padding vc_custom_1668461682495 vc_row-has-fill vc_row-o-content-middle vc_row-flex\">   <div class=\"wpb_column vc_column_container vc_col-sm-12 vc_hidden-sm vc_hidden-xs et-light-column vc_col-has-fill\"><div class=\"vc_column-inner  vc_custom_1668461677255\"><div class=\"wpb_wrapper\">      <div class=\"vc_row wpb_row vc_inner vc_row-fluid vc_custom_1668434256793 vc_row-has-fill vc_row-o-content-middle vc_row-flex\">         <div class=\"wpb_column vc_column_container vc_col-sm-12 vc_hidden-sm vc_hidden-xs et-dark-column\"><div class=\"vc_column-inner  vc_custom_1668434263459\"><div class=\"wpb_wrapper\">            \n\t<div class=\"wpb_text_column wpb_content_element animation bottom-to-top  vc_custom_1668461663252\" >\n\t\t<div class=\"wpb_wrapper\">\n\t\t\t<h1>Marka premium<br \/>akcesori\u00f3w GSM.<\/h1>\n\n\t\t<\/div>\n\t<\/div>\n         <\/div><\/div><\/div>      <\/div>   <\/div><\/div><\/div><\/div><\/div><div  class=\"sec_row container-fluid\"><div class=\"vc_row wpb_row vc_row-fluid no-padding align-center vc_custom_1668461894685 vc_row-has-fill vc_row-o-content-top vc_row-flex\">   <div class=\"wpb_column vc_column_container vc_col-sm-12 vc_hidden-lg vc_hidden-md et-light-column vc_col-has-fill\"><div class=\"vc_column-inner  vc_custom_1668461884744\"><div class=\"wpb_wrapper\">      <div class=\"vc_row wpb_row vc_inner vc_row-fluid align-center vc_custom_1668434873424 vc_row-has-fill vc_row-o-content-top vc_row-flex\">         <div class=\"wpb_column vc_column_container vc_col-sm-12 vc_hidden-lg vc_hidden-md et-dark-column\"><div class=\"vc_column-inner\"><div class=\"wpb_wrapper\">            \n\t<div class=\"wpb_text_column wpb_content_element animation bottom-to-top \" >\n\t\t<div class=\"wpb_wrapper\">\n\t\t\t<h3 style=\"text-align: center;\">Marka premium<br \/>akcesori\u00f3w GSM.<\/h3>\n\n\t\t<\/div>\n\t<\/div>\n         <\/div><\/div><\/div>      <\/div>   <\/div><\/div><\/div><\/div><\/div><div  class=\"sec_row container-fluid\"><div class=\"vc_row wpb_row vc_row-fluid no-padding vc_custom_1588128835660\">   <div class=\"wpb_column vc_column_container vc_col-sm-12 et-dark-column\"><div class=\"vc_column-inner\"><div class=\"wpb_wrapper\">      <div class=\"vc_row wpb_row vc_inner vc_row-fluid max_width align-center vc_row-o-content-middle vc_row-flex\">         <div class=\"wpb_column vc_column_container animation right-to-left vc_col-sm-12 et-dark-column\"><div class=\"vc_column-inner  vc_custom_1668431633258\"><div class=\"wpb_wrapper\">            \n\t<div class=\"wpb_text_column wpb_content_element  \" >\n\t\t<div class=\"wpb_wrapper\">\n\t\t\t<p><strong><span class=\"fancy-title style=\">S\u0142OWEM WST\u0119PU<\/span><\/strong><\/p>\n<h2>HELLOCASE TO<\/h2>\n<p>Przede wszystkim zgrany i dynamiczny zesp\u00f3\u0142 mi\u0142o\u015bnik\u00f3w nowych technologii. Najlepszej jako\u015bci akcesoria GSM to nasz konik! Naszym celem jest, aby sprzedawane przez nas produkty by\u0142y bezpieczne dla urz\u0105dzenia i s\u0142u\u017cy\u0142y d\u0142ugi czas. Zadowolenie klient\u00f3w mierzymy za\u015b ilo\u015bci\u0105 sprzedanych szkie\u0142 hartowanych czy etui na telefon. Dedykowane akcesoria do telefonu to podstawa jego bezpiecze\u0144stwa. Kupuj\u0105c w sklepie <a href=\"https:\/\/hellocase.eu\">HELLOCASE<\/a> mo\u017cesz by\u0107 pewien, \u017ce Tw\u00f3j telefon b\u0119dzie w dobrych r\u0119kach.<\/p>\n\n\t\t<\/div>\n\t<\/div>\n         <\/div><\/div><\/div>      <\/div>   <\/div><\/div><\/div><\/div><\/div><div  class=\"sec_row container-fluid\"><div class=\"vc_row wpb_row vc_row-fluid no-padding vc_custom_1588129008197 vc_row-has-fill\">   <div class=\"wpb_column vc_column_container vc_col-sm-12 et-dark-column\"><div class=\"vc_column-inner\"><div class=\"wpb_wrapper\">            <div class=\"vc_row wpb_row vc_inner vc_row-fluid max_width align-center align-center vc_row-o-equal-height vc_row-flex\">         <div class=\"wpb_column vc_column_container animation bottom-to-top vc_col-sm-12 vc_col-lg-4 et-dark-column\"><div class=\"vc_column-inner\"><div class=\"wpb_wrapper\">            \n\t<div class=\"wpb_text_column wpb_content_element  \" >\n\t\t<div class=\"wpb_wrapper\">\n\t\t\t<h4>PROFESJONALIZM<\/h4>\n<p><span style=\"font-weight: 400;\">Lata do\u015bwiadczenia w bran\u017cy GSM to owocny czas, kt\u00f3ry przeznaczyli\u015bmy na szlifowanie umiej\u0119tno\u015bci i pozyskanie niezb\u0119dnej wiedzy. Telefony i akcesoria GSM do nich nie maj\u0105 przed nami tajemnic. Mo\u017cesz by\u0107 pewny, \u017ce decyduj\u0105c si\u0119 na zakup w sklepie HELLOCASE b\u0119dziesz otoczony najlepsz\u0105 opiek\u0105 na ka\u017cdym jej etapie.<\/span><\/p>\n\n\t\t<\/div>\n\t<\/div>\n         <\/div><\/div><\/div>                  <div class=\"wpb_column vc_column_container animation bottom-to-top vc_col-sm-12 vc_col-lg-4 et-dark-column\"><div class=\"vc_column-inner\"><div class=\"wpb_wrapper\">                        \n\t<div class=\"wpb_text_column wpb_content_element  \" >\n\t\t<div class=\"wpb_wrapper\">\n\t\t\t<h4><span style=\"font-weight: 400;\">JAKO\u015a\u0106 PREMIUM<\/span><\/h4>\n<p><span style=\"font-weight: 400;\">Akcesori\u00f3w premium na rynku GSM jest jak na lekarstwo. Zadbali\u015bmy o to, aby w jednym miejscu oferowa\u0107 te produkty, kt\u00f3re sami przetestowali\u015bmy i u\u017cywamy ich na co dzie\u0144. Odpowiednio dobrane akcesoria zapewniaj\u0105 bezpiecze\u0144stwo nie tylko Twoim urz\u0105dzeniom, ale r\u00f3wnie\u017c Tobie. Wybierz m\u0105drze!<\/span><\/p>\n\n\t\t<\/div>\n\t<\/div>\n         <\/div><\/div><\/div>      <\/div>   <\/div><\/div><\/div><\/div><\/div><div  class=\"sec_row container-fluid\"><div class=\"vc_row wpb_row vc_row-fluid no-padding vc_custom_1588128887000\">      <div class=\"wpb_column vc_column_container vc_col-sm-12 et-dark-column\"><div class=\"vc_column-inner\"><div class=\"wpb_wrapper\">            <div class=\"vc_row wpb_row vc_inner vc_row-fluid max_width align-center vc_row-o-content-middle vc_row-flex\">         <div class=\"small-order-1 medium-order-2 wpb_column vc_column_container vc_col-sm-6 vc_col-md-6 et-dark-column\"><div class=\"vc_column-inner\"><div class=\"wpb_wrapper\">            \n\t<div id=\"et-counter-69df8d19320a0\" class=\"et-counter animation bottom-to-top counter-color-dark icon-color- text-color- counter-left\" >\n\t\t\t\t\t<div class=\"counter-container\">\n\t\t\t\t\t\t\t\t\t<div class=\"h1\" data-count=\"250\" data-speed=\"2000\">0<\/div>\n\t\t\t\t\t\t\t\t\t\t\t<\/div>\n\t\t\t\t\t\t\t<div class=\"description\"><p>Modeli telefon\u00f3w, do kt\u00f3rych dostarczamy dedykowane akcesoria. Ta liczba nieustannie ro\u015bnie i nic wskazuje na to, \u017ceby mia\u0142a zahamowa\u0107!<\/p><\/div>\n\t\t\t\t\t\t\t\t\t\t\n\t<\/div>\n\t         <\/div><\/div><\/div>         <div class=\"wpb_column vc_column_container vc_col-sm-6 et-dark-column\"><div class=\"vc_column-inner\"><div class=\"wpb_wrapper\">            \n\t<div id=\"et-counter-69df8d193212b\" class=\"et-counter animation bottom-to-top counter-color-dark icon-color- text-color- counter-left\" >\n\t\t\t\t\t<div class=\"counter-container\">\n\t\t\t\t\t\t\t\t\t<div class=\"h1\" data-count=\"040\" data-speed=\"2000\">0<\/div>\n\t\t\t\t\t\t\t\t\t\t\t<\/div>\n\t\t\t\t\t\t\t<div class=\"description\"><p>Specjalist\u00f3w kt\u00f3rzy ka\u017cdego dnia dbaj\u0105 o to, aby produkty, kt\u00f3re wprowadzamy na rynek spe\u0142nia\u0142y oczekiwania nawet najbardziej wymagaj\u0105cych u\u017cytkownik\u00f3w.<\/p><\/div>\n\t\t\t\t\t\t\t\t\t\t\n\t<\/div>\n\t         <\/div><\/div><\/div>      <\/div>   <\/div><\/div><\/div><\/div><\/div><div  class=\"sec_row container-fluid\"><div class=\"vc_row wpb_row vc_row-fluid vc_custom_1579114943204 vc_row-has-fill\">   <div class=\"wpb_column vc_column_container vc_col-sm-12 et-dark-column\"><div class=\"vc_column-inner\"><div class=\"wpb_wrapper\">      <div class=\"vc_row wpb_row vc_inner vc_row-fluid max_width align-center vc_custom_1578532916555\">         <div class=\"wpb_column vc_column_container animation bottom-to-top vc_col-sm-12 vc_col-lg-6 et-dark-column\"><div class=\"vc_column-inner\"><div class=\"wpb_wrapper\">            \n\t<div class=\"wpb_text_column wpb_content_element  \" >\n\t\t<div class=\"wpb_wrapper\">\n\t\t\t<h5 class=\"fancy-title\" style=\"text-align: center;\">kluczowe zasady<\/h5>\n<p style=\"text-align: center;\">kt\u00f3rymi si\u0119 kierujemy tworz\u0105c nowe produkty.<\/p>\n\n\t\t<\/div>\n\t<\/div>\n         <\/div><\/div><\/div>      <\/div>      <div class=\"vc_row wpb_row vc_inner vc_row-fluid max_width align-center\">         <div class=\"wpb_column vc_column_container animation bottom-to-top vc_col-sm-12 vc_col-lg-8 et-dark-column\"><div class=\"vc_column-inner\"><div class=\"wpb_wrapper\">            \t<div id=\"et-icon-holder-430\" class=\"et-icon-holder row center-true lg-block-grid-3 md-block-grid-2 block-grid-1 \">\n\t\t               \r\n\t<div id=\"et-iconbox-316\" class=\"et-iconbox layout-centered icon-style-simple bottom-spacing-none icon-color- text-color-  \"> \r\n\t\t<div class=\"et-icon-inner\">\r\n\t\t\t\t\t\t<figure class=\"et-feature-icon\">\r\n\t\t\t\t\t\t\t\t<span class=\"pe-7s-cart\"><\/span>\r\n\t\t\t\t\t\t\t<\/figure>\r\n\t\t\t\t\t\t<div class=\"et-feature-content\"> \r\n\t\t\t\t\t\t\t\t\t\t\t\t\t\t\t\t\t<h4 class=\"title\">Design <\/h4>\r\n\t\t\t\t\t\t\t\t\t\t\t\t<div class=\"wpb_text_column\"><p>Ciesz si\u0119 ka\u017cdym calem.<\/p>\n<\/div>\r\n\t\t\t<\/div>\r\n\t\t<\/div>\r\n\t<\/div>\r\n\r\n\t               \r\n\t<div id=\"et-iconbox-282\" class=\"et-iconbox layout-centered icon-style-simple bottom-spacing-none icon-color- text-color-  \"> \r\n\t\t<div class=\"et-icon-inner\">\r\n\t\t\t\t\t\t<figure class=\"et-feature-icon\">\r\n\t\t\t\t\t\t\t\t<span class=\"pe-7s-signal\"><\/span>\r\n\t\t\t\t\t\t\t<\/figure>\r\n\t\t\t\t\t\t<div class=\"et-feature-content\"> \r\n\t\t\t\t\t\t\t\t\t\t\t\t\t\t\t\t\t<h4 class=\"title\">Mobilno\u015b\u0107<\/h4>\r\n\t\t\t\t\t\t\t\t\t\t\t\t<div class=\"wpb_text_column\"><p>Korzystaj tak, jak lubisz.<\/p>\n<\/div>\r\n\t\t\t<\/div>\r\n\t\t<\/div>\r\n\t<\/div>\r\n\r\n\t               \r\n\t<div id=\"et-iconbox-87\" class=\"et-iconbox layout-centered icon-style-simple bottom-spacing-none icon-color- text-color-  \"> \r\n\t\t<div class=\"et-icon-inner\">\r\n\t\t\t\t\t\t<figure class=\"et-feature-icon\">\r\n\t\t\t\t\t\t\t\t<span class=\"pe-7s-light\"><\/span>\r\n\t\t\t\t\t\t\t<\/figure>\r\n\t\t\t\t\t\t<div class=\"et-feature-content\"> \r\n\t\t\t\t\t\t\t\t\t\t\t\t\t\t\t\t\t<h4 class=\"title\">Innowacja<\/h4>\r\n\t\t\t\t\t\t\t\t\t\t\t\t<div class=\"wpb_text_column\"><p>Bo na ni\u0105 zas\u0142ugujesz.<\/p>\n<\/div>\r\n\t\t\t<\/div>\r\n\t\t<\/div>\r\n\t<\/div>\r\n\r\n\t            \t<\/div>\n\t         <\/div><\/div><\/div>      <\/div>   <\/div><\/div><\/div><\/div><\/div><div  class=\"sec_row container\"><div class=\"vc_row wpb_row vc_row-fluid vc_custom_1579114565104\">   <div class=\"wpb_column vc_column_container vc_col-sm-3 et-dark-column\"><div class=\"vc_column-inner\"><div class=\"wpb_wrapper\">      \n\t<div class=\"wpb_text_column wpb_content_element animation left-to-right \" >\n\t\t<div class=\"wpb_wrapper\">\n\t\t\t<h5 class=\"fancy-title\">na sam koniec<\/h5>\n<h2>Kilka fotografii<\/h2>\n<p>Na kt\u00f3rych mo\u017cesz zobaczy\u0107 nasze produkty w codziennym u\u017cytkowaniu.      <\/p>\n\n\t\t<\/div>\n\t<\/div>\n   <\/div><\/div><\/div>   <div class=\"wpb_column vc_column_container vc_col-sm-3 et-dark-column\"><div class=\"vc_column-inner\"><div class=\"wpb_wrapper\">      \n\t<div  class=\"wpb_single_image wpb_content_element vc_align_center\">\n\t\t\n\t\t<figure class=\"wpb_wrapper vc_figure\">\n\t\t\t<a class=\"\" data-lightbox=\"lightbox[rel-94-486651883]\" href=\"https:\/\/cdn.sela.to\/uploads\/2022\/11\/HELLOCASE-usecase-1-1024x1024.jpg\" target=\"_self\" class=\"vc_single_image-wrapper   vc_box_border_grey\"><img width=\"300\" height=\"300\" src=\"https:\/\/cdn.sela.to\/uploads\/2022\/11\/HELLOCASE-usecase-1-300x300.jpg\" class=\"vc_single_image-img attachment-medium\" alt=\"\" decoding=\"async\" loading=\"lazy\" title=\"HELLOCASE - usecase 1\" srcset=\"https:\/\/cdn.sela.to\/uploads\/2022\/11\/HELLOCASE-usecase-1-300x300.jpg 300w, https:\/\/cdn.sela.to\/uploads\/2022\/11\/HELLOCASE-usecase-1-1024x1024.jpg 1024w, https:\/\/cdn.sela.to\/uploads\/2022\/11\/HELLOCASE-usecase-1-150x150.jpg 150w, https:\/\/cdn.sela.to\/uploads\/2022\/11\/HELLOCASE-usecase-1-768x768.jpg 768w, https:\/\/cdn.sela.to\/uploads\/2022\/11\/HELLOCASE-usecase-1-600x600.jpg 600w, https:\/\/cdn.sela.to\/uploads\/2022\/11\/HELLOCASE-usecase-1-900x900.jpg 900w, https:\/\/cdn.sela.to\/uploads\/2022\/11\/HELLOCASE-usecase-1-100x100.jpg 100w, https:\/\/cdn.sela.to\/uploads\/2022\/11\/HELLOCASE-usecase-1.jpg 1200w\" sizes=\"(max-width: 300px) 100vw, 300px\" \/><\/a>\n\t\t<\/figure>\n\t<\/div>\n   <\/div><\/div><\/div>   <div class=\"wpb_column vc_column_container vc_col-sm-3 et-dark-column\"><div class=\"vc_column-inner\"><div class=\"wpb_wrapper\">      \n\t<div  class=\"wpb_single_image wpb_content_element vc_align_center\">\n\t\t\n\t\t<figure class=\"wpb_wrapper vc_figure\">\n\t\t\t<a class=\"\" data-lightbox=\"lightbox[rel-94-1260133713]\" href=\"https:\/\/cdn.sela.to\/uploads\/2022\/11\/HELLOCASE-usecase-2-1024x1024.jpg\" target=\"_self\" class=\"vc_single_image-wrapper   vc_box_border_grey\"><img width=\"300\" height=\"300\" src=\"https:\/\/cdn.sela.to\/uploads\/2022\/11\/HELLOCASE-usecase-2-300x300.jpg\" class=\"vc_single_image-img attachment-medium\" alt=\"\" decoding=\"async\" loading=\"lazy\" title=\"HELLOCASE - usecase 2\" srcset=\"https:\/\/cdn.sela.to\/uploads\/2022\/11\/HELLOCASE-usecase-2-300x300.jpg 300w, https:\/\/cdn.sela.to\/uploads\/2022\/11\/HELLOCASE-usecase-2-1024x1024.jpg 1024w, https:\/\/cdn.sela.to\/uploads\/2022\/11\/HELLOCASE-usecase-2-150x150.jpg 150w, https:\/\/cdn.sela.to\/uploads\/2022\/11\/HELLOCASE-usecase-2-768x768.jpg 768w, https:\/\/cdn.sela.to\/uploads\/2022\/11\/HELLOCASE-usecase-2-600x600.jpg 600w, https:\/\/cdn.sela.to\/uploads\/2022\/11\/HELLOCASE-usecase-2-900x900.jpg 900w, https:\/\/cdn.sela.to\/uploads\/2022\/11\/HELLOCASE-usecase-2-100x100.jpg 100w, https:\/\/cdn.sela.to\/uploads\/2022\/11\/HELLOCASE-usecase-2.jpg 1200w\" sizes=\"(max-width: 300px) 100vw, 300px\" \/><\/a>\n\t\t<\/figure>\n\t<\/div>\n   <\/div><\/div><\/div>   <div class=\"wpb_column vc_column_container vc_col-sm-3 et-dark-column\"><div class=\"vc_column-inner\"><div class=\"wpb_wrapper\">      \n\t<div  class=\"wpb_single_image wpb_content_element vc_align_center\">\n\t\t\n\t\t<figure class=\"wpb_wrapper vc_figure\">\n\t\t\t<a class=\"\" data-lightbox=\"lightbox[rel-94-979687892]\" href=\"https:\/\/cdn.sela.to\/uploads\/2022\/11\/HELLOCASE-usecase-3-1024x1024.jpg\" target=\"_self\" class=\"vc_single_image-wrapper   vc_box_border_grey\"><img width=\"300\" height=\"300\" src=\"https:\/\/cdn.sela.to\/uploads\/2022\/11\/HELLOCASE-usecase-3-300x300.jpg\" class=\"vc_single_image-img attachment-medium\" alt=\"\" decoding=\"async\" loading=\"lazy\" title=\"HELLOCASE - usecase 3\" srcset=\"https:\/\/cdn.sela.to\/uploads\/2022\/11\/HELLOCASE-usecase-3-300x300.jpg 300w, https:\/\/cdn.sela.to\/uploads\/2022\/11\/HELLOCASE-usecase-3-1024x1024.jpg 1024w, https:\/\/cdn.sela.to\/uploads\/2022\/11\/HELLOCASE-usecase-3-150x150.jpg 150w, https:\/\/cdn.sela.to\/uploads\/2022\/11\/HELLOCASE-usecase-3-768x768.jpg 768w, https:\/\/cdn.sela.to\/uploads\/2022\/11\/HELLOCASE-usecase-3-600x600.jpg 600w, https:\/\/cdn.sela.to\/uploads\/2022\/11\/HELLOCASE-usecase-3-900x900.jpg 900w, https:\/\/cdn.sela.to\/uploads\/2022\/11\/HELLOCASE-usecase-3-100x100.jpg 100w, https:\/\/cdn.sela.to\/uploads\/2022\/11\/HELLOCASE-usecase-3.jpg 1200w\" sizes=\"(max-width: 300px) 100vw, 300px\" \/><\/a>\n\t\t<\/figure>\n\t<\/div>\n   <\/div><\/div><\/div><\/div><\/div>\n<style type=\"text\/css\" data-type=\"vc_shortcodes-custom-css\">.vc_custom_1668461682495{background-color: #1b6667 !important;background-position: center !important;background-repeat: no-repeat !important;background-size: cover !important;}.vc_custom_1668461894685{background-color: #1b6667 !important;background-position: center !important;background-repeat: no-repeat !important;background-size: cover !important;}.vc_custom_1588128835660{padding-top: 60px !important;padding-bottom: 60px !important;}.vc_custom_1588129008197{padding-top: 80px !important;padding-bottom: 45px !important;background-color: #f2f2f2 !important;}.vc_custom_1588128887000{padding-top: 60px !important;padding-bottom: 60px !important;}.vc_custom_1579114943204{padding-top: 80px !important;padding-bottom: 60px !important;background-color: #f6f6f6 !important;}.vc_custom_1579114565104{padding-top: 60px !important;padding-bottom: 60px !important;}.vc_custom_1668461677255{padding-top: 100px !important;padding-bottom: 100px !important;background-image: url(https:\/\/cdn.sela.to\/uploads\/2022\/11\/O-nas-desktop-1.png?id=406) !important;background-position: center !important;background-repeat: no-repeat !important;background-size: cover !important;}.vc_custom_1668434256793{background-position: center !important;background-repeat: no-repeat !important;background-size: cover !important;}.vc_custom_1668434263459{padding-top: 120px !important;padding-right: 15% !important;padding-bottom: 120px !important;padding-left: 15% !important;}.vc_custom_1668461663252{margin-top: 30px !important;}.vc_custom_1668461884744{padding-top: 100px !important;padding-bottom: 100px !important;background-image: url(https:\/\/cdn.sela.to\/uploads\/2022\/11\/O-nas-mobile.png?id=409) !important;background-position: center !important;background-repeat: no-repeat !important;background-size: cover !important;}.vc_custom_1668434873424{padding-top: 5% !important;padding-right: 5% !important;padding-bottom: 25% !important;padding-left: 5% !important;background-position: center !important;background-repeat: no-repeat !important;background-size: cover !important;}.vc_custom_1668431633258{padding-top: 40px !important;}.vc_custom_1578532916555{margin-bottom: 25px !important;}<\/style>\n<\/section>","protected":false},"excerpt":{"rendered":"<p>Marka premiumakcesori\u00f3w GSM. Marka premiumakcesori\u00f3w GSM. S\u0142OWEM WST\u0119PU HELLOCASE TO Przede wszystkim zgrany i dynamiczny zesp\u00f3\u0142 mi\u0142o\u015bnik\u00f3w nowych technologii. Najlepszej jako\u015bci akcesoria GSM to nasz konik! Naszym celem jest, aby sprzedawane przez nas produkty by\u0142y bezpieczne dla urz\u0105dzenia i s\u0142u\u017cy\u0142y d\u0142ugi czas. Zadowolenie klient\u00f3w mierzymy za\u015b ilo\u015bci\u0105 sprzedanych szkie\u0142 hartowanych&hellip;<\/p>\n","protected":false},"author":1,"featured_media":0,"parent":0,"menu_order":0,"comment_status":"closed","ping_status":"closed","template":"","meta":[],"acf":[],"yoast_head":"<!-- This site is optimized with the Yoast SEO plugin v20.4 - https:\/\/yoast.com\/wordpress\/plugins\/seo\/ -->\n<title>O nas - HELLOCASE<\/title>\n<meta name=\"robots\" content=\"index, follow, max-snippet:-1, max-image-preview:large, max-video-preview:-1\" \/>\n<link rel=\"canonical\" href=\"https:\/\/hellocase.eu\/pl\/o-nas\/\" \/>\n<meta property=\"og:locale\" content=\"pl_PL\" \/>\n<meta property=\"og:type\" content=\"article\" \/>\n<meta property=\"og:title\" content=\"O nas - HELLOCASE\" \/>\n<meta property=\"og:description\" content=\"Marka premiumakcesori\u00f3w GSM. Marka premiumakcesori\u00f3w GSM. S\u0142OWEM WST\u0119PU HELLOCASE TO Przede wszystkim zgrany i dynamiczny zesp\u00f3\u0142 mi\u0142o\u015bnik\u00f3w nowych technologii. Najlepszej jako\u015bci akcesoria GSM to nasz konik! Naszym celem jest, aby sprzedawane przez nas produkty by\u0142y bezpieczne dla urz\u0105dzenia i s\u0142u\u017cy\u0142y d\u0142ugi czas. Zadowolenie klient\u00f3w mierzymy za\u015b ilo\u015bci\u0105 sprzedanych szkie\u0142 hartowanych&hellip;\" \/>\n<meta property=\"og:url\" content=\"https:\/\/hellocase.eu\/pl\/o-nas\/\" \/>\n<meta property=\"og:site_name\" content=\"HELLOCASE\" \/>\n<meta property=\"article:modified_time\" content=\"2023-03-21T21:57:03+00:00\" \/>\n<meta name=\"twitter:card\" content=\"summary_large_image\" \/>\n<script type=\"application\/ld+json\" class=\"yoast-schema-graph\">{\"@context\":\"https:\/\/schema.org\",\"@graph\":[{\"@type\":\"WebPage\",\"@id\":\"https:\/\/hellocase.eu\/pl\/o-nas\/\",\"url\":\"https:\/\/hellocase.eu\/pl\/o-nas\/\",\"name\":\"O nas - HELLOCASE\",\"isPartOf\":{\"@id\":\"https:\/\/hellocase.eu\/pl\/#website\"},\"datePublished\":\"2022-11-10T10:00:46+00:00\",\"dateModified\":\"2023-03-21T21:57:03+00:00\",\"breadcrumb\":{\"@id\":\"https:\/\/hellocase.eu\/pl\/o-nas\/#breadcrumb\"},\"inLanguage\":\"pl-PL\",\"potentialAction\":[{\"@type\":\"ReadAction\",\"target\":[\"https:\/\/hellocase.eu\/pl\/o-nas\/\"]}]},{\"@type\":\"BreadcrumbList\",\"@id\":\"https:\/\/hellocase.eu\/pl\/o-nas\/#breadcrumb\",\"itemListElement\":[{\"@type\":\"ListItem\",\"position\":1,\"name\":\"Strona g\u0142\u00f3wna\",\"item\":\"https:\/\/hellocase.eu\/pl\/\"},{\"@type\":\"ListItem\",\"position\":2,\"name\":\"O nas\"}]},{\"@type\":\"WebSite\",\"@id\":\"https:\/\/hellocase.eu\/pl\/#website\",\"url\":\"https:\/\/hellocase.eu\/pl\/\",\"name\":\"HELLOCASE\",\"description\":\"Your mobile partner\",\"potentialAction\":[{\"@type\":\"SearchAction\",\"target\":{\"@type\":\"EntryPoint\",\"urlTemplate\":\"https:\/\/hellocase.eu\/pl\/?s={search_term_string}\"},\"query-input\":\"required name=search_term_string\"}],\"inLanguage\":\"pl-PL\"}]}<\/script>\n<!-- \/ Yoast SEO plugin. -->","yoast_head_json":{"title":"O nas - HELLOCASE","robots":{"index":"index","follow":"follow","max-snippet":"max-snippet:-1","max-image-preview":"max-image-preview:large","max-video-preview":"max-video-preview:-1"},"canonical":"https:\/\/hellocase.eu\/pl\/o-nas\/","og_locale":"pl_PL","og_type":"article","og_title":"O nas - HELLOCASE","og_description":"Marka premiumakcesori\u00f3w GSM. Marka premiumakcesori\u00f3w GSM. S\u0142OWEM WST\u0119PU HELLOCASE TO Przede wszystkim zgrany i dynamiczny zesp\u00f3\u0142 mi\u0142o\u015bnik\u00f3w nowych technologii. Najlepszej jako\u015bci akcesoria GSM to nasz konik! Naszym celem jest, aby sprzedawane przez nas produkty by\u0142y bezpieczne dla urz\u0105dzenia i s\u0142u\u017cy\u0142y d\u0142ugi czas. Zadowolenie klient\u00f3w mierzymy za\u015b ilo\u015bci\u0105 sprzedanych szkie\u0142 hartowanych&hellip;","og_url":"https:\/\/hellocase.eu\/pl\/o-nas\/","og_site_name":"HELLOCASE","article_modified_time":"2023-03-21T21:57:03+00:00","twitter_card":"summary_large_image","schema":{"@context":"https:\/\/schema.org","@graph":[{"@type":"WebPage","@id":"https:\/\/hellocase.eu\/pl\/o-nas\/","url":"https:\/\/hellocase.eu\/pl\/o-nas\/","name":"O nas - HELLOCASE","isPartOf":{"@id":"https:\/\/hellocase.eu\/pl\/#website"},"datePublished":"2022-11-10T10:00:46+00:00","dateModified":"2023-03-21T21:57:03+00:00","breadcrumb":{"@id":"https:\/\/hellocase.eu\/pl\/o-nas\/#breadcrumb"},"inLanguage":"pl-PL","potentialAction":[{"@type":"ReadAction","target":["https:\/\/hellocase.eu\/pl\/o-nas\/"]}]},{"@type":"BreadcrumbList","@id":"https:\/\/hellocase.eu\/pl\/o-nas\/#breadcrumb","itemListElement":[{"@type":"ListItem","position":1,"name":"Strona g\u0142\u00f3wna","item":"https:\/\/hellocase.eu\/pl\/"},{"@type":"ListItem","position":2,"name":"O nas"}]},{"@type":"WebSite","@id":"https:\/\/hellocase.eu\/pl\/#website","url":"https:\/\/hellocase.eu\/pl\/","name":"HELLOCASE","description":"Your mobile partner","potentialAction":[{"@type":"SearchAction","target":{"@type":"EntryPoint","urlTemplate":"https:\/\/hellocase.eu\/pl\/?s={search_term_string}"},"query-input":"required name=search_term_string"}],"inLanguage":"pl-PL"}]}},"_links":{"self":[{"href":"https:\/\/hellocase.eu\/pl\/wp-json\/wp\/v2\/pages\/94"}],"collection":[{"href":"https:\/\/hellocase.eu\/pl\/wp-json\/wp\/v2\/pages"}],"about":[{"href":"https:\/\/hellocase.eu\/pl\/wp-json\/wp\/v2\/types\/page"}],"author":[{"embeddable":true,"href":"https:\/\/hellocase.eu\/pl\/wp-json\/wp\/v2\/users\/1"}],"replies":[{"embeddable":true,"href":"https:\/\/hellocase.eu\/pl\/wp-json\/wp\/v2\/comments?post=94"}],"version-history":[{"count":0,"href":"https:\/\/hellocase.eu\/pl\/wp-json\/wp\/v2\/pages\/94\/revisions"}],"wp:attachment":[{"href":"https:\/\/hellocase.eu\/pl\/wp-json\/wp\/v2\/media?parent=94"}],"curies":[{"name":"wp","href":"https:\/\/api.w.org\/{rel}","templated":true}]}}