{"id":83,"date":"2022-11-10T10:55:41","date_gmt":"2022-11-10T09:55:41","guid":{"rendered":"https:\/\/hellocase.eu\/?page_id=83"},"modified":"2023-03-21T21:42:34","modified_gmt":"2023-03-21T20:42:34","slug":"kontakt","status":"publish","type":"page","link":"https:\/\/hellocase.eu\/pl\/kontakt\/","title":{"rendered":"Kontakt"},"content":{"rendered":"<section class=\"wpb-content-wrapper\"><div  class=\"sec_row container-fluid\"><div class=\"vc_row wpb_row vc_row-fluid no-padding swap-on-mobile vc_row-o-equal-height vc_row-o-content-top vc_row-flex\"><div class=\"wpb_column vc_column_container vc_col-sm-6 vc_col-lg-6 et-dark-column\"><div class=\"vc_column-inner\"><div class=\"wpb_wrapper\">\n\t<div class=\"et_map_group \">\n\n\t\t<div class=\"et_map_parent \"\n\t\t\tstyle=\"height:100vh\" \n\t\t\tdata-map-style=\"grayscale\" \n\t\t\tdata-custom-map-style=\"\" \n\t\t\tdata-map-zoom=\"16\" \n\t\t\tdata-map-type=\"roadmap\" \n\t\t\tdata-pan-control=\"\" \n\t\t\tdata-zoom-control=\"1\" \n\t\t\tdata-maptype-control=\"\" \n\t\t\tdata-scale-control=\"\" \n\t\t\tdata-streetview-control=\"\">\n\t\t\t\t\t\t\t\t\n\t<input class=\"et-location-data\" type=\"hidden\" data-option=\"{&quot;marker_image&quot;:&quot;https:\\\/\\\/cdn.sela.to\\\/themes\\\/goya\\\/assets\\\/img\\\/pin.png&quot;,&quot;marker_title&quot;:&quot;HELLOCASE&quot;,&quot;marker_description&quot;:&quot;\\u015aw. Leonarda 69\\\/70, 32-700 Bochnia&quot;,&quot;marker_size&quot;:[80,108],&quot;retina_marker&quot;:&quot;1&quot;,&quot;latitude&quot;:&quot;49.97689122239623&quot;,&quot;longitude&quot;:&quot;20.435415727094448&quot;}\" \/>\n\t\n\t\t\t\t\t\t<\/div>\n\n\t\t\t\t\t<div id=\"et-map-parent-640\" class=\"et_location_list list-hidden\" data-columns=\"4\" data-autoplay=\"false\" data-vertical=\"\" data-adaptive-height=\"false\" data-pagination=\"true\" data-navigation=\"true\" data-infinite=\"false\">\n\t\t\t\t\t\t\t\t\t<div class=\"et_location_outer\">\n\t\t\t\t\t\t<div class=\"et_location\">\n\t\t\t\t\t\t\t<h5>1. HELLOCASE<\/h5>\n\t\t\t\t\t\t\t\u015aw. Leonarda 69\/70, 32-700 Bochnia\t\t\t\t\t\t<\/div>\n\t\t\t\t\t<\/div>\n\t\t\t\t\t\t\t<\/div>\n\t\t\t\n\t<\/div>\n\n\t<\/div><\/div><\/div><div class=\"wpb_column vc_column_container vc_col-sm-6 et-dark-column\"><div class=\"vc_column-inner  vc_custom_1668275840365\"><div class=\"wpb_wrapper\"><div class=\"vc_row wpb_row vc_inner vc_row-fluid max_width no-padding vc_row-o-equal-height vc_row-flex\"><div class=\"wpb_column vc_column_container vc_col-sm-6 et-dark-column\"><div class=\"vc_column-inner\"><div class=\"wpb_wrapper\">\n\t<div class=\"wpb_text_column wpb_content_element  \" >\n\t\t<div class=\"wpb_wrapper\">\n\t\t\t<h3>\ud83c\udfeb Siedziba firmy<\/h3>\n<p>SELATO G\u00d3RKA SP\u00d3\u0141KA KOMANDYTOWA<br \/>\u015aw. Leonarda 69\/70<br \/>32-700 Bochnia, PL<br \/><strong>NIP:<\/strong> 8681983219<\/p>\n\n\t\t<\/div>\n\t<\/div>\n<\/div><\/div><\/div><div class=\"wpb_column vc_column_container vc_col-sm-6 et-dark-column\"><div class=\"vc_column-inner\"><div class=\"wpb_wrapper\">\n\t<div class=\"wpb_text_column wpb_content_element  \" >\n\t\t<div class=\"wpb_wrapper\">\n\t\t\t<h3>\ud83d\udc4b Napisz do nas<\/h3>\n<p>Je\u017celi masz jakie\u015b pytania, mo\u017cesz do nas napisa\u0107 na adres e-mail.<br \/><a href=\"mailto:hello@hellocase.eu\">hello@hellocase.eu<\/a><\/p>\n\n\t\t<\/div>\n\t<\/div>\n<\/div><\/div><\/div><\/div><div class=\"vc_row wpb_row vc_inner vc_row-fluid max_width no-padding\"><div class=\"wpb_column vc_column_container vc_col-sm-12 et-dark-column\"><div class=\"vc_column-inner\"><div class=\"wpb_wrapper\">\n\t<div class=\"wpb_text_column wpb_content_element  \" >\n\t\t<div class=\"wpb_wrapper\">\n\t\t\t\n\n        <style>\n        #contact-form label,\n        #contact-form input[type=\"text\"],\n        #contact-form textarea {\n            width: 100%;\n            display: block;\n        }\n        #contact-form input[type=\"submit\"]{\n            float: right;\n            margin: 20px 0 0 0;\n        }\n        .validation-message{\n            color: red;\n        }\n        <\/style>\n\n        <script src=\"https:\/\/www.google.com\/recaptcha\/api.js?render=6LdkOpgfAAAAAJ-T3G3eSwrbQkd8awZsJ2W441rT\"><\/script>\n\n        <h3>Formularz kontaktowy<\/h3>\n\n        <div id=\"validation-messages-container\"><\/div>\n\n        <form id=\"contact-form\" action=\"https:\/\/hellocase.eu\/pl\/kontakt\/\" method=\"post\">\n\n            <input type=\"hidden\" name=\"contact_form\">\n\n            <div class=\"form-section\">\n                <label for=\"full-name\">Imi\u0119 i nazwisko<\/label>\n                <input type=\"text\" id=\"full-name\" name=\"full_name\" data-alert=\"Prosz\u0119 wprowadzi\u0107 swoje imi\u0119 i nazwisko\">\n            <\/div>\n\n            <div class=\"form-section\">\n                <label for=\"email\">E-mail<\/label>\n                <input type=\"text\" id=\"email\" name=\"email\" data-alert=\"Prosz\u0119 wprowadzi\u0107 poprawny adres e-mail\">\n            <\/div>\n\n            <div class=\"form-section\">\n                <label for=\"message\">Wiadomo\u015b\u0107<\/label>\n                <textarea id=\"message\" name=\"message\" data-alert=\"Prosz\u0119 wprowadzi\u0107 tre\u015b\u0107 wiadomo\u015bci\"><\/textarea>\n            <\/div>\n\n            <input type=\"submit\" id=\"contact-form-submit\" value=\"Wy\u015blij\">\n\n        <\/form>\n\n\t\t<\/div>\n\t<\/div>\n<\/div><\/div><\/div><\/div><\/div><\/div><\/div><\/div><\/div>\n<style type=\"text\/css\" data-type=\"vc_shortcodes-custom-css\">.vc_custom_1668275840365{padding-top: 120px !important;padding-right: 10% !important;padding-bottom: 35px !important;padding-left: 10% !important;}<\/style>\n<\/section>","protected":false},"excerpt":{"rendered":"<p>1. HELLOCASE \u015aw. Leonarda 69\/70, 32-700 Bochnia \ud83c\udfeb Siedziba firmy SELATO G\u00d3RKA SP\u00d3\u0141KA KOMANDYTOWA\u015aw. Leonarda 69\/7032-700 Bochnia, PLNIP: 8681983219 \ud83d\udc4b Napisz do nas Je\u017celi masz jakie\u015b pytania, mo\u017cesz do nas napisa\u0107 na adres e-mail.hello@hellocase.eu Formularz kontaktowy Imi\u0119 i nazwisko E-mail Wiadomo\u015b\u0107<\/p>\n","protected":false},"author":1,"featured_media":0,"parent":0,"menu_order":0,"comment_status":"closed","ping_status":"closed","template":"","meta":[],"acf":[],"yoast_head":"<!-- This site is optimized with the Yoast SEO plugin v20.4 - https:\/\/yoast.com\/wordpress\/plugins\/seo\/ -->\n<title>Kontakt - HELLOCASE<\/title>\n<meta name=\"robots\" content=\"index, follow, max-snippet:-1, max-image-preview:large, max-video-preview:-1\" \/>\n<link rel=\"canonical\" href=\"https:\/\/hellocase.eu\/pl\/kontakt\/\" \/>\n<meta property=\"og:locale\" content=\"pl_PL\" \/>\n<meta property=\"og:type\" content=\"article\" \/>\n<meta property=\"og:title\" content=\"Kontakt - HELLOCASE\" \/>\n<meta property=\"og:description\" content=\"1. HELLOCASE \u015aw. Leonarda 69\/70, 32-700 Bochnia \ud83c\udfeb Siedziba firmy SELATO G\u00d3RKA SP\u00d3\u0141KA KOMANDYTOWA\u015aw. Leonarda 69\/7032-700 Bochnia, PLNIP: 8681983219 \ud83d\udc4b Napisz do nas Je\u017celi masz jakie\u015b pytania, mo\u017cesz do nas napisa\u0107 na adres e-mail.hello@hellocase.eu Formularz kontaktowy Imi\u0119 i nazwisko E-mail Wiadomo\u015b\u0107\" \/>\n<meta property=\"og:url\" content=\"https:\/\/hellocase.eu\/pl\/kontakt\/\" \/>\n<meta property=\"og:site_name\" content=\"HELLOCASE\" \/>\n<meta property=\"article:modified_time\" content=\"2023-03-21T20:42:34+00:00\" \/>\n<meta name=\"twitter:card\" content=\"summary_large_image\" \/>\n<script type=\"application\/ld+json\" class=\"yoast-schema-graph\">{\"@context\":\"https:\/\/schema.org\",\"@graph\":[{\"@type\":\"WebPage\",\"@id\":\"https:\/\/hellocase.eu\/pl\/kontakt\/\",\"url\":\"https:\/\/hellocase.eu\/pl\/kontakt\/\",\"name\":\"Kontakt - HELLOCASE\",\"isPartOf\":{\"@id\":\"https:\/\/hellocase.eu\/pl\/#website\"},\"datePublished\":\"2022-11-10T09:55:41+00:00\",\"dateModified\":\"2023-03-21T20:42:34+00:00\",\"breadcrumb\":{\"@id\":\"https:\/\/hellocase.eu\/pl\/kontakt\/#breadcrumb\"},\"inLanguage\":\"pl-PL\",\"potentialAction\":[{\"@type\":\"ReadAction\",\"target\":[\"https:\/\/hellocase.eu\/pl\/kontakt\/\"]}]},{\"@type\":\"BreadcrumbList\",\"@id\":\"https:\/\/hellocase.eu\/pl\/kontakt\/#breadcrumb\",\"itemListElement\":[{\"@type\":\"ListItem\",\"position\":1,\"name\":\"Strona g\u0142\u00f3wna\",\"item\":\"https:\/\/hellocase.eu\/pl\/\"},{\"@type\":\"ListItem\",\"position\":2,\"name\":\"Kontakt\"}]},{\"@type\":\"WebSite\",\"@id\":\"https:\/\/hellocase.eu\/pl\/#website\",\"url\":\"https:\/\/hellocase.eu\/pl\/\",\"name\":\"HELLOCASE\",\"description\":\"Your mobile partner\",\"potentialAction\":[{\"@type\":\"SearchAction\",\"target\":{\"@type\":\"EntryPoint\",\"urlTemplate\":\"https:\/\/hellocase.eu\/pl\/?s={search_term_string}\"},\"query-input\":\"required name=search_term_string\"}],\"inLanguage\":\"pl-PL\"}]}<\/script>\n<!-- \/ Yoast SEO plugin. -->","yoast_head_json":{"title":"Kontakt - HELLOCASE","robots":{"index":"index","follow":"follow","max-snippet":"max-snippet:-1","max-image-preview":"max-image-preview:large","max-video-preview":"max-video-preview:-1"},"canonical":"https:\/\/hellocase.eu\/pl\/kontakt\/","og_locale":"pl_PL","og_type":"article","og_title":"Kontakt - HELLOCASE","og_description":"1. HELLOCASE \u015aw. Leonarda 69\/70, 32-700 Bochnia \ud83c\udfeb Siedziba firmy SELATO G\u00d3RKA SP\u00d3\u0141KA KOMANDYTOWA\u015aw. Leonarda 69\/7032-700 Bochnia, PLNIP: 8681983219 \ud83d\udc4b Napisz do nas Je\u017celi masz jakie\u015b pytania, mo\u017cesz do nas napisa\u0107 na adres e-mail.hello@hellocase.eu Formularz kontaktowy Imi\u0119 i nazwisko E-mail Wiadomo\u015b\u0107","og_url":"https:\/\/hellocase.eu\/pl\/kontakt\/","og_site_name":"HELLOCASE","article_modified_time":"2023-03-21T20:42:34+00:00","twitter_card":"summary_large_image","schema":{"@context":"https:\/\/schema.org","@graph":[{"@type":"WebPage","@id":"https:\/\/hellocase.eu\/pl\/kontakt\/","url":"https:\/\/hellocase.eu\/pl\/kontakt\/","name":"Kontakt - HELLOCASE","isPartOf":{"@id":"https:\/\/hellocase.eu\/pl\/#website"},"datePublished":"2022-11-10T09:55:41+00:00","dateModified":"2023-03-21T20:42:34+00:00","breadcrumb":{"@id":"https:\/\/hellocase.eu\/pl\/kontakt\/#breadcrumb"},"inLanguage":"pl-PL","potentialAction":[{"@type":"ReadAction","target":["https:\/\/hellocase.eu\/pl\/kontakt\/"]}]},{"@type":"BreadcrumbList","@id":"https:\/\/hellocase.eu\/pl\/kontakt\/#breadcrumb","itemListElement":[{"@type":"ListItem","position":1,"name":"Strona g\u0142\u00f3wna","item":"https:\/\/hellocase.eu\/pl\/"},{"@type":"ListItem","position":2,"name":"Kontakt"}]},{"@type":"WebSite","@id":"https:\/\/hellocase.eu\/pl\/#website","url":"https:\/\/hellocase.eu\/pl\/","name":"HELLOCASE","description":"Your mobile partner","potentialAction":[{"@type":"SearchAction","target":{"@type":"EntryPoint","urlTemplate":"https:\/\/hellocase.eu\/pl\/?s={search_term_string}"},"query-input":"required name=search_term_string"}],"inLanguage":"pl-PL"}]}},"_links":{"self":[{"href":"https:\/\/hellocase.eu\/pl\/wp-json\/wp\/v2\/pages\/83"}],"collection":[{"href":"https:\/\/hellocase.eu\/pl\/wp-json\/wp\/v2\/pages"}],"about":[{"href":"https:\/\/hellocase.eu\/pl\/wp-json\/wp\/v2\/types\/page"}],"author":[{"embeddable":true,"href":"https:\/\/hellocase.eu\/pl\/wp-json\/wp\/v2\/users\/1"}],"replies":[{"embeddable":true,"href":"https:\/\/hellocase.eu\/pl\/wp-json\/wp\/v2\/comments?post=83"}],"version-history":[{"count":0,"href":"https:\/\/hellocase.eu\/pl\/wp-json\/wp\/v2\/pages\/83\/revisions"}],"wp:attachment":[{"href":"https:\/\/hellocase.eu\/pl\/wp-json\/wp\/v2\/media?parent=83"}],"curies":[{"name":"wp","href":"https:\/\/api.w.org\/{rel}","templated":true}]}}