{"id":81,"date":"2022-11-10T10:55:04","date_gmt":"2022-11-10T09:55:04","guid":{"rendered":"https:\/\/hellocase.eu\/?page_id=81"},"modified":"2023-03-21T21:47:53","modified_gmt":"2023-03-21T20:47:53","slug":"faq","status":"publish","type":"page","link":"https:\/\/hellocase.eu\/pl\/faq\/","title":{"rendered":"FAQ"},"content":{"rendered":"<section class=\"wpb-content-wrapper\"><div  class=\"sec_row container-fluid\"><div class=\"vc_row wpb_row vc_row-fluid no-padding\">        <div class=\"wpb_column vc_column_container vc_col-sm-12 vc_col-lg-offset-1 vc_col-lg-3 et-dark-column\"><div class=\"vc_column-inner\"><div class=\"wpb_wrapper\">            \n\t<div class=\"wpb_text_column wpb_content_element  \" >\n\t\t<div class=\"wpb_wrapper\">\n\t\t\t<br \/>\n<h3>Zam\u00f3wienie<\/h3>\n\n\t\t<\/div>\n\t<\/div>\n        <\/div><\/div><\/div>        <div class=\"wpb_column vc_column_container vc_col-sm-12 vc_col-lg-6 et-dark-column\"><div class=\"vc_column-inner\"><div class=\"wpb_wrapper\">            <div class=\"vc_tta-container\" data-vc-action=\"collapse\"><div class=\"vc_general vc_tta vc_tta-accordion vc_tta-o-shape-group vc_tta-controls-align-left\"><div class=\"vc_tta-panels-container\"><div class=\"vc_tta-panels\"><div class=\"vc_tta-panel vc_active\" id=\"ile-trwa-realizacja-zamowienia\" data-vc-content=\".vc_tta-panel-body\"><div class=\"vc_tta-panel-heading\"><h4 class=\"vc_tta-panel-title vc_tta-controls-icon-position-left\"><a href=\"#ile-trwa-realizacja-zamowienia\" data-vc-accordion data-vc-container=\".vc_tta-container\"><span class=\"vc_tta-title-text\">Ile trwa realizacja zam\u00f3wienia?<\/span><i class=\"vc_tta-controls-icon vc_tta-controls-icon-plus\"><\/i><\/a><\/h4><\/div><div class=\"vc_tta-panel-body\">                    \n\t<div class=\"wpb_text_column wpb_content_element  \" >\n\t\t<div class=\"wpb_wrapper\">\n\t\t\t<p>Towar zakupiony i op\u0142acony wysy\u0142amy w 24h. Dotyczy to dni roboczych i zam\u00f3wie\u0144 detalicznych. <\/p>\n\n\t\t<\/div>\n\t<\/div>\n                <\/div><\/div><div class=\"vc_tta-panel\" id=\"jak-moge-sie-skontaktowac-w-sprawie-zamowienia\" data-vc-content=\".vc_tta-panel-body\"><div class=\"vc_tta-panel-heading\"><h4 class=\"vc_tta-panel-title vc_tta-controls-icon-position-left\"><a href=\"#jak-moge-sie-skontaktowac-w-sprawie-zamowienia\" data-vc-accordion data-vc-container=\".vc_tta-container\"><span class=\"vc_tta-title-text\">Jak mog\u0119 si\u0119 skontaktowa\u0107 w sprawie zam\u00f3wienia?<\/span><i class=\"vc_tta-controls-icon vc_tta-controls-icon-plus\"><\/i><\/a><\/h4><\/div><div class=\"vc_tta-panel-body\">                    \n\t<div class=\"wpb_text_column wpb_content_element  \" >\n\t\t<div class=\"wpb_wrapper\">\n\t\t\t<p>Na podstronie <a href=\"https:\/\/hellocase.eu\/pl\/kontakt\/\" title=\"Kontakt\">Kontakt<\/a> jest dost\u0119pny formularz kontaktowy. Mo\u017cna r\u00f3wnie\u017c napisa\u0107 maila na adres <a href=\"mailto:hello@hellocase.eu\" title=\"hello@hellocase.eu\">hello@hellocase.eu<\/a>. <\/p>\n\n\t\t<\/div>\n\t<\/div>\n                <\/div><\/div><div class=\"vc_tta-panel\" id=\"czy-kupujac-towar-musze-miec-zalozone-konto-w-sklepie-internetowym\" data-vc-content=\".vc_tta-panel-body\"><div class=\"vc_tta-panel-heading\"><h4 class=\"vc_tta-panel-title vc_tta-controls-icon-position-left\"><a href=\"#czy-kupujac-towar-musze-miec-zalozone-konto-w-sklepie-internetowym\" data-vc-accordion data-vc-container=\".vc_tta-container\"><span class=\"vc_tta-title-text\">Czy kupuj\u0105c towar, musz\u0119 mie\u0107 za\u0142o\u017cone konto w sklepie internetowym?<\/span><i class=\"vc_tta-controls-icon vc_tta-controls-icon-plus\"><\/i><\/a><\/h4><\/div><div class=\"vc_tta-panel-body\">                    \n\t<div class=\"wpb_text_column wpb_content_element  \" >\n\t\t<div class=\"wpb_wrapper\">\n\t\t\t<p>Istnieje mo\u017cliwo\u015b\u0107 z\u0142o\u017cenia zam\u00f3wienia bez rejestracji w sklepie, czyli bez za\u0142o\u017cenia konta.<\/p>\n\n\t\t<\/div>\n\t<\/div>\n                <\/div><\/div><div class=\"vc_tta-panel\" id=\"czy-mozliwy-jest-zakup-za-pobraniem\" data-vc-content=\".vc_tta-panel-body\"><div class=\"vc_tta-panel-heading\"><h4 class=\"vc_tta-panel-title vc_tta-controls-icon-position-left\"><a href=\"#czy-mozliwy-jest-zakup-za-pobraniem\" data-vc-accordion data-vc-container=\".vc_tta-container\"><span class=\"vc_tta-title-text\">Czy mo\u017cliwy jest zakup za pobraniem?<\/span><i class=\"vc_tta-controls-icon vc_tta-controls-icon-plus\"><\/i><\/a><\/h4><\/div><div class=\"vc_tta-panel-body\">                    \n\t<div class=\"wpb_text_column wpb_content_element  \" >\n\t\t<div class=\"wpb_wrapper\">\n\t\t\t<p>Tak, mo\u017cliwy jest zakup za pobraniem. Do ka\u017cdego rodzaju dostawy nale\u017cy doliczy\u0107 plus 3 z\u0142ote.<\/p>\n\n\t\t<\/div>\n\t<\/div>\n                <\/div><\/div><\/div><\/div><\/div><\/div>        <\/div><\/div><\/div>    <\/div><\/div><div  class=\"sec_row container-fluid\"><div class=\"vc_row wpb_row vc_row-fluid no-padding\">        <div class=\"wpb_column vc_column_container vc_col-sm-12 vc_col-lg-offset-1 vc_col-lg-3 et-dark-column\"><div class=\"vc_column-inner\"><div class=\"wpb_wrapper\">            \n\t<div class=\"wpb_text_column wpb_content_element  \" >\n\t\t<div class=\"wpb_wrapper\">\n\t\t\t<br \/>\n<h3>Dostawa i zwrot<\/h3>\n\n\t\t<\/div>\n\t<\/div>\n        <\/div><\/div><\/div>        <div class=\"wpb_column vc_column_container vc_col-sm-12 vc_col-lg-6 et-dark-column\"><div class=\"vc_column-inner\"><div class=\"wpb_wrapper\">            <div class=\"vc_tta-container\" data-vc-action=\"collapse\"><div class=\"vc_general vc_tta vc_tta-accordion vc_tta-o-shape-group vc_tta-controls-align-left\"><div class=\"vc_tta-panels-container\"><div class=\"vc_tta-panels\"><div class=\"vc_tta-panel vc_active\" id=\"czy-dostawa-jest-darmowa\" data-vc-content=\".vc_tta-panel-body\"><div class=\"vc_tta-panel-heading\"><h4 class=\"vc_tta-panel-title vc_tta-controls-icon-position-left\"><a href=\"#czy-dostawa-jest-darmowa\" data-vc-accordion data-vc-container=\".vc_tta-container\"><span class=\"vc_tta-title-text\">Czy dostawa jest darmowa?<\/span><i class=\"vc_tta-controls-icon vc_tta-controls-icon-plus\"><\/i><\/a><\/h4><\/div><div class=\"vc_tta-panel-body\">                    \n\t<div class=\"wpb_text_column wpb_content_element  \" >\n\t\t<div class=\"wpb_wrapper\">\n\t\t\t<p>Dostawa jest darmowa w przypadku zam\u00f3wienia powy\u017cej 100 z\u0142. Koszt dostawy dost\u0119pny s\u0105 na podstronie Dostawa i p\u0142atno\u015b\u0107.<\/p>\n\n\t\t<\/div>\n\t<\/div>\n                <\/div><\/div><div class=\"vc_tta-panel\" id=\"czy-moge-zwrocic-produkt\" data-vc-content=\".vc_tta-panel-body\"><div class=\"vc_tta-panel-heading\"><h4 class=\"vc_tta-panel-title vc_tta-controls-icon-position-left\"><a href=\"#czy-moge-zwrocic-produkt\" data-vc-accordion data-vc-container=\".vc_tta-container\"><span class=\"vc_tta-title-text\">Czy mog\u0119 zwr\u00f3ci\u0107 produkt?<\/span><i class=\"vc_tta-controls-icon vc_tta-controls-icon-plus\"><\/i><\/a><\/h4><\/div><div class=\"vc_tta-panel-body\">                    \n\t<div class=\"wpb_text_column wpb_content_element  \" >\n\t\t<div class=\"wpb_wrapper\">\n\t\t\t<p>Zakupiony towar podlega zwrotowi, je\u017celi nie jest zniszczony i nie ma \u017cadnych \u015blad\u00f3w u\u017cytkowania. <\/p>\n\n\t\t<\/div>\n\t<\/div>\n                <\/div><\/div><div class=\"vc_tta-panel\" id=\"w-jakim-czasie-mozna-dokonac-zwrotu-wymiany-towaru\" data-vc-content=\".vc_tta-panel-body\"><div class=\"vc_tta-panel-heading\"><h4 class=\"vc_tta-panel-title vc_tta-controls-icon-position-left\"><a href=\"#w-jakim-czasie-mozna-dokonac-zwrotu-wymiany-towaru\" data-vc-accordion data-vc-container=\".vc_tta-container\"><span class=\"vc_tta-title-text\">W jakim czasie mo\u017cna dokona\u0107 zwrotu\/wymiany towaru?<\/span><i class=\"vc_tta-controls-icon vc_tta-controls-icon-plus\"><\/i><\/a><\/h4><\/div><div class=\"vc_tta-panel-body\">                    \n\t<div class=\"wpb_text_column wpb_content_element  \" >\n\t\t<div class=\"wpb_wrapper\">\n\t\t\t<p>Zwrotu lub wymiany mo\u017cna dokonywa\u0107 do 14 dni roboczych od dnia otrzymania przesy\u0142ki.<\/p>\n\n\t\t<\/div>\n\t<\/div>\n                <\/div><\/div><div class=\"vc_tta-panel\" id=\"na-jaki-adres-nalezy-nadac-zwrot\" data-vc-content=\".vc_tta-panel-body\"><div class=\"vc_tta-panel-heading\"><h4 class=\"vc_tta-panel-title vc_tta-controls-icon-position-left\"><a href=\"#na-jaki-adres-nalezy-nadac-zwrot\" data-vc-accordion data-vc-container=\".vc_tta-container\"><span class=\"vc_tta-title-text\">Na jaki adres nale\u017cy nada\u0107 zwrot?<\/span><i class=\"vc_tta-controls-icon vc_tta-controls-icon-plus\"><\/i><\/a><\/h4><\/div><div class=\"vc_tta-panel-body\">                    \n\t<div class=\"wpb_text_column wpb_content_element  \" >\n\t\t<div class=\"wpb_wrapper\">\n\t\t\t<p>Zwrot prosimy nada\u0107 na adres: HELLOCASE<br \/>\r\nGrodkowice 135,<br \/>\r\n32-015\u00a0K\u0142aj<br \/>\r\nPolska<\/p>\n\n\t\t<\/div>\n\t<\/div>\n                <\/div><\/div><div class=\"vc_tta-panel\" id=\"kiedy-otrzymam-zwrot-pieniedzy\" data-vc-content=\".vc_tta-panel-body\"><div class=\"vc_tta-panel-heading\"><h4 class=\"vc_tta-panel-title vc_tta-controls-icon-position-left\"><a href=\"#kiedy-otrzymam-zwrot-pieniedzy\" data-vc-accordion data-vc-container=\".vc_tta-container\"><span class=\"vc_tta-title-text\">Kiedy otrzymam zwrot pieni\u0119dzy?<\/span><i class=\"vc_tta-controls-icon vc_tta-controls-icon-plus\"><\/i><\/a><\/h4><\/div><div class=\"vc_tta-panel-body\">                    \n\t<div class=\"wpb_text_column wpb_content_element  \" >\n\t\t<div class=\"wpb_wrapper\">\n\t\t\t<p>Pieni\u0105dze ze zwrotu zostan\u0105 przes\u0142ane na wskazany numer konta bankowego w terminie 7 dni roboczych. <\/p>\n\n\t\t<\/div>\n\t<\/div>\n                <\/div><\/div><\/div><\/div><\/div><\/div>        <\/div><\/div><\/div>    <\/div><\/div><div  class=\"sec_row container-fluid\"><div class=\"vc_row wpb_row vc_row-fluid no-padding vc_custom_1588132282993 vc_row-has-fill\">    <div class=\"wpb_column vc_column_container vc_col-sm-12 et-dark-column\"><div class=\"vc_column-inner\"><div class=\"wpb_wrapper\">        <div class=\"vc_row wpb_row vc_inner vc_row-fluid max_width vc_row-o-content-middle vc_row-flex\">            <div class=\"wpb_column vc_column_container vc_col-sm-12 vc_col-lg-offset-1 vc_col-lg-6 et-dark-column\"><div class=\"vc_column-inner\"><div class=\"wpb_wrapper\">                \n\t<div class=\"wpb_text_column wpb_content_element  \" >\n\t\t<div class=\"wpb_wrapper\">\n\t\t\t<br \/>\n<h2>Masz jeszcze jakie\u015b pytania?<\/h2>\n\n\t\t<\/div>\n\t<\/div>\n            <\/div><\/div><\/div>            <div class=\"wpb_column vc_column_container vc_col-sm-12 vc_col-lg-3 et-dark-column\"><div class=\"vc_column-inner\"><div class=\"wpb_wrapper\">                                \t\t<div id=\"et-button-69df8d17d0636\" class=\"et_btn_align_center animation bottom-to-top\">\n\t\t\t<a href=\"https:\/\/hellocase.eu\/pl\/kontakt\/\" class=\" et_btn button et_btn_md solid color-custom button-shadow arrow-enabled \"  role=\"button\" title=\"Napisz do nas\" ><span>Napisz do nas<\/span><svg xmlns=\"http:\/\/www.w3.org\/2000\/svg\" xmlns:xlink=\"http:\/\/www.w3.org\/1999\/xlink\" x=\"0px\" y=\"0px\"\r\n\t width=\"30px\" height=\"18px\" viewBox=\"0 0 30 18\" enable-background=\"new 0 0 30 18\" xml:space=\"preserve\">\r\n<path class=\"handle\" d=\"M20.305,16.212c-0.407,0.409-0.407,1.071,0,1.479s1.068,0.408,1.476,0l7.914-7.952c0.408-0.409,0.408-1.071,0-1.481\r\n\tl-7.914-7.952c-0.407-0.409-1.068-0.409-1.476,0s-0.407,1.071,0,1.48l7.185,7.221L20.305,16.212z\"\/>\r\n<path class=\"bar\" fill-rule=\"evenodd\" clip-rule=\"evenodd\" d=\"M1,8h28.001c0.551,0,1,0.448,1,1c0,0.553-0.449,1-1,1H1c-0.553,0-1-0.447-1-1\r\n\tC0,8.448,0.447,8,1,8z\"\/>\r\n<\/svg>\r\n<\/a>\n\t\t<\/div>\n\t\t\n\t            <\/div><\/div><\/div>        <\/div>    <\/div><\/div><\/div><\/div><\/div>\n<style>.fancy-title{color: #8c397b !important;}<\/style>\n<style type=\"text\/css\" data-type=\"vc_shortcodes-custom-css\">.vc_custom_1588132282993{padding-top: 80px !important;padding-bottom: 80px !important;background-color: #f8f8f8 !important;}<\/style>\n<\/section>","protected":false},"excerpt":{"rendered":"<p>Zam\u00f3wienie Ile trwa realizacja zam\u00f3wienia? Towar zakupiony i op\u0142acony wysy\u0142amy w 24h. Dotyczy to dni roboczych i zam\u00f3wie\u0144 detalicznych. Jak mog\u0119 si\u0119 skontaktowa\u0107 w sprawie zam\u00f3wienia? Na podstronie Kontakt jest dost\u0119pny formularz kontaktowy. Mo\u017cna r\u00f3wnie\u017c napisa\u0107 maila na adres hello@hellocase.eu. Czy kupuj\u0105c towar, musz\u0119 mie\u0107 za\u0142o\u017cone konto w sklepie internetowym?&hellip;<\/p>\n","protected":false},"author":1,"featured_media":0,"parent":0,"menu_order":0,"comment_status":"closed","ping_status":"closed","template":"","meta":[],"acf":[],"yoast_head":"<!-- This site is optimized with the Yoast SEO plugin v20.4 - https:\/\/yoast.com\/wordpress\/plugins\/seo\/ -->\n<title>FAQ - HELLOCASE<\/title>\n<meta name=\"robots\" content=\"index, follow, max-snippet:-1, max-image-preview:large, max-video-preview:-1\" \/>\n<link rel=\"canonical\" href=\"https:\/\/hellocase.eu\/pl\/faq\/\" \/>\n<meta property=\"og:locale\" content=\"pl_PL\" \/>\n<meta property=\"og:type\" content=\"article\" \/>\n<meta property=\"og:title\" content=\"FAQ - HELLOCASE\" \/>\n<meta property=\"og:description\" content=\"Zam\u00f3wienie Ile trwa realizacja zam\u00f3wienia? Towar zakupiony i op\u0142acony wysy\u0142amy w 24h. Dotyczy to dni roboczych i zam\u00f3wie\u0144 detalicznych. Jak mog\u0119 si\u0119 skontaktowa\u0107 w sprawie zam\u00f3wienia? Na podstronie Kontakt jest dost\u0119pny formularz kontaktowy. Mo\u017cna r\u00f3wnie\u017c napisa\u0107 maila na adres hello@hellocase.eu. Czy kupuj\u0105c towar, musz\u0119 mie\u0107 za\u0142o\u017cone konto w sklepie internetowym?&hellip;\" \/>\n<meta property=\"og:url\" content=\"https:\/\/hellocase.eu\/pl\/faq\/\" \/>\n<meta property=\"og:site_name\" content=\"HELLOCASE\" \/>\n<meta property=\"article:modified_time\" content=\"2023-03-21T20:47:53+00:00\" \/>\n<meta name=\"twitter:card\" content=\"summary_large_image\" \/>\n<script type=\"application\/ld+json\" class=\"yoast-schema-graph\">{\"@context\":\"https:\/\/schema.org\",\"@graph\":[{\"@type\":\"WebPage\",\"@id\":\"https:\/\/hellocase.eu\/pl\/faq\/\",\"url\":\"https:\/\/hellocase.eu\/pl\/faq\/\",\"name\":\"FAQ - HELLOCASE\",\"isPartOf\":{\"@id\":\"https:\/\/hellocase.eu\/pl\/#website\"},\"datePublished\":\"2022-11-10T09:55:04+00:00\",\"dateModified\":\"2023-03-21T20:47:53+00:00\",\"breadcrumb\":{\"@id\":\"https:\/\/hellocase.eu\/pl\/faq\/#breadcrumb\"},\"inLanguage\":\"pl-PL\",\"potentialAction\":[{\"@type\":\"ReadAction\",\"target\":[\"https:\/\/hellocase.eu\/pl\/faq\/\"]}]},{\"@type\":\"BreadcrumbList\",\"@id\":\"https:\/\/hellocase.eu\/pl\/faq\/#breadcrumb\",\"itemListElement\":[{\"@type\":\"ListItem\",\"position\":1,\"name\":\"Strona g\u0142\u00f3wna\",\"item\":\"https:\/\/hellocase.eu\/pl\/\"},{\"@type\":\"ListItem\",\"position\":2,\"name\":\"FAQ\"}]},{\"@type\":\"WebSite\",\"@id\":\"https:\/\/hellocase.eu\/pl\/#website\",\"url\":\"https:\/\/hellocase.eu\/pl\/\",\"name\":\"HELLOCASE\",\"description\":\"Your mobile partner\",\"potentialAction\":[{\"@type\":\"SearchAction\",\"target\":{\"@type\":\"EntryPoint\",\"urlTemplate\":\"https:\/\/hellocase.eu\/pl\/?s={search_term_string}\"},\"query-input\":\"required name=search_term_string\"}],\"inLanguage\":\"pl-PL\"}]}<\/script>\n<!-- \/ Yoast SEO plugin. -->","yoast_head_json":{"title":"FAQ - HELLOCASE","robots":{"index":"index","follow":"follow","max-snippet":"max-snippet:-1","max-image-preview":"max-image-preview:large","max-video-preview":"max-video-preview:-1"},"canonical":"https:\/\/hellocase.eu\/pl\/faq\/","og_locale":"pl_PL","og_type":"article","og_title":"FAQ - HELLOCASE","og_description":"Zam\u00f3wienie Ile trwa realizacja zam\u00f3wienia? Towar zakupiony i op\u0142acony wysy\u0142amy w 24h. Dotyczy to dni roboczych i zam\u00f3wie\u0144 detalicznych. Jak mog\u0119 si\u0119 skontaktowa\u0107 w sprawie zam\u00f3wienia? Na podstronie Kontakt jest dost\u0119pny formularz kontaktowy. Mo\u017cna r\u00f3wnie\u017c napisa\u0107 maila na adres hello@hellocase.eu. Czy kupuj\u0105c towar, musz\u0119 mie\u0107 za\u0142o\u017cone konto w sklepie internetowym?&hellip;","og_url":"https:\/\/hellocase.eu\/pl\/faq\/","og_site_name":"HELLOCASE","article_modified_time":"2023-03-21T20:47:53+00:00","twitter_card":"summary_large_image","schema":{"@context":"https:\/\/schema.org","@graph":[{"@type":"WebPage","@id":"https:\/\/hellocase.eu\/pl\/faq\/","url":"https:\/\/hellocase.eu\/pl\/faq\/","name":"FAQ - HELLOCASE","isPartOf":{"@id":"https:\/\/hellocase.eu\/pl\/#website"},"datePublished":"2022-11-10T09:55:04+00:00","dateModified":"2023-03-21T20:47:53+00:00","breadcrumb":{"@id":"https:\/\/hellocase.eu\/pl\/faq\/#breadcrumb"},"inLanguage":"pl-PL","potentialAction":[{"@type":"ReadAction","target":["https:\/\/hellocase.eu\/pl\/faq\/"]}]},{"@type":"BreadcrumbList","@id":"https:\/\/hellocase.eu\/pl\/faq\/#breadcrumb","itemListElement":[{"@type":"ListItem","position":1,"name":"Strona g\u0142\u00f3wna","item":"https:\/\/hellocase.eu\/pl\/"},{"@type":"ListItem","position":2,"name":"FAQ"}]},{"@type":"WebSite","@id":"https:\/\/hellocase.eu\/pl\/#website","url":"https:\/\/hellocase.eu\/pl\/","name":"HELLOCASE","description":"Your mobile partner","potentialAction":[{"@type":"SearchAction","target":{"@type":"EntryPoint","urlTemplate":"https:\/\/hellocase.eu\/pl\/?s={search_term_string}"},"query-input":"required name=search_term_string"}],"inLanguage":"pl-PL"}]}},"_links":{"self":[{"href":"https:\/\/hellocase.eu\/pl\/wp-json\/wp\/v2\/pages\/81"}],"collection":[{"href":"https:\/\/hellocase.eu\/pl\/wp-json\/wp\/v2\/pages"}],"about":[{"href":"https:\/\/hellocase.eu\/pl\/wp-json\/wp\/v2\/types\/page"}],"author":[{"embeddable":true,"href":"https:\/\/hellocase.eu\/pl\/wp-json\/wp\/v2\/users\/1"}],"replies":[{"embeddable":true,"href":"https:\/\/hellocase.eu\/pl\/wp-json\/wp\/v2\/comments?post=81"}],"version-history":[{"count":0,"href":"https:\/\/hellocase.eu\/pl\/wp-json\/wp\/v2\/pages\/81\/revisions"}],"wp:attachment":[{"href":"https:\/\/hellocase.eu\/pl\/wp-json\/wp\/v2\/media?parent=81"}],"curies":[{"name":"wp","href":"https:\/\/api.w.org\/{rel}","templated":true}]}}