{"id":110,"date":"2022-11-10T11:00:46","date_gmt":"2022-11-10T10:00:46","guid":{"rendered":"https:\/\/hellocase.eu\/ueber-uns\/"},"modified":"2023-03-21T22:13:27","modified_gmt":"2023-03-21T21:13:27","slug":"ueber-uns","status":"publish","type":"page","link":"https:\/\/hellocase.eu\/de\/ueber-uns\/","title":{"rendered":"\u00dcber uns"},"content":{"rendered":"<section class=\"wpb-content-wrapper\"><div  class=\"sec_row container-fluid\"><div class=\"vc_row wpb_row vc_row-fluid no-padding vc_custom_1668461682495 vc_row-has-fill vc_row-o-content-middle vc_row-flex\">   <div class=\"wpb_column vc_column_container vc_col-sm-12 vc_hidden-sm vc_hidden-xs et-light-column vc_col-has-fill\"><div class=\"vc_column-inner  vc_custom_1668461677255\"><div class=\"wpb_wrapper\">      <div class=\"vc_row wpb_row vc_inner vc_row-fluid vc_custom_1668434256793 vc_row-has-fill vc_row-o-content-middle vc_row-flex\">         <div class=\"wpb_column vc_column_container vc_col-sm-12 vc_hidden-sm vc_hidden-xs et-dark-column\"><div class=\"vc_column-inner  vc_custom_1668434263459\"><div class=\"wpb_wrapper\">            \n\t<div class=\"wpb_text_column wpb_content_element animation bottom-to-top  vc_custom_1668461663252\" >\n\t\t<div class=\"wpb_wrapper\">\n\t\t\t<h1>Premium-Marke<br \/>f\u00fcr GSM-Zubeh\u00f6r.<\/h1>\n\n\t\t<\/div>\n\t<\/div>\n         <\/div><\/div><\/div>      <\/div>   <\/div><\/div><\/div><\/div><\/div><div  class=\"sec_row container-fluid\"><div class=\"vc_row wpb_row vc_row-fluid no-padding align-center vc_custom_1668461894685 vc_row-has-fill vc_row-o-content-top vc_row-flex\">   <div class=\"wpb_column vc_column_container vc_col-sm-12 vc_hidden-lg vc_hidden-md et-light-column vc_col-has-fill\"><div class=\"vc_column-inner  vc_custom_1668461884744\"><div class=\"wpb_wrapper\">      <div class=\"vc_row wpb_row vc_inner vc_row-fluid align-center vc_custom_1668434873424 vc_row-has-fill vc_row-o-content-top vc_row-flex\">         <div class=\"wpb_column vc_column_container vc_col-sm-12 vc_hidden-lg vc_hidden-md et-dark-column\"><div class=\"vc_column-inner\"><div class=\"wpb_wrapper\">            \n\t<div class=\"wpb_text_column wpb_content_element animation bottom-to-top \" >\n\t\t<div class=\"wpb_wrapper\">\n\t\t\t<h3 style=\"text-align: center;\">Premium-Marke<br \/>f\u00fcr GSM-Zubeh\u00f6r.<\/h3>\n\n\t\t<\/div>\n\t<\/div>\n         <\/div><\/div><\/div>      <\/div>   <\/div><\/div><\/div><\/div><\/div><div  class=\"sec_row container-fluid\"><div class=\"vc_row wpb_row vc_row-fluid no-padding vc_custom_1588128835660\">   <div class=\"wpb_column vc_column_container vc_col-sm-12 et-dark-column\"><div class=\"vc_column-inner\"><div class=\"wpb_wrapper\">      <div class=\"vc_row wpb_row vc_inner vc_row-fluid max_width align-center vc_row-o-content-middle vc_row-flex\">         <div class=\"wpb_column vc_column_container animation right-to-left vc_col-sm-12 et-dark-column\"><div class=\"vc_column-inner  vc_custom_1668431633258\"><div class=\"wpb_wrapper\">            \n\t<div class=\"wpb_text_column wpb_content_element  \" >\n\t\t<div class=\"wpb_wrapper\">\n\t\t\t<p><strong><span class=\"fancy-title style=\">AUFNAHMEWORT<\/span><\/strong><\/p>\n<h2>HELLOCASE IST<\/h2>\n<p>Zun\u00e4chst einmal ein eingespieltes und dynamisches Team von Enthusiasten f\u00fcr neue Technologien. Das hochwertigste GSM-Zubeh\u00f6r ist unser Reitstock! Unser Ziel ist, dass die von uns verkauften Produkte sicher f\u00fcr das Ger\u00e4t sind und lange halten. Die Kundenzufriedenheit wird anhand der Anzahl der verkauften Panzerglas- oder Handyh\u00fcllen gemessen. Spezielles Telefonzubeh\u00f6r ist die Grundlage seiner Sicherheit. Beim Kauf im <a href=\"https:\/\/hellocase.eu\">HELLOCASE<\/a> Store kannst du sicher sein, dass dein Handy in guten H\u00e4nden ist.<\/p>\n\n\t\t<\/div>\n\t<\/div>\n         <\/div><\/div><\/div>      <\/div>   <\/div><\/div><\/div><\/div><\/div><div  class=\"sec_row container-fluid\"><div class=\"vc_row wpb_row vc_row-fluid no-padding vc_custom_1588129008197 vc_row-has-fill\">   <div class=\"wpb_column vc_column_container vc_col-sm-12 et-dark-column\"><div class=\"vc_column-inner\"><div class=\"wpb_wrapper\">            <div class=\"vc_row wpb_row vc_inner vc_row-fluid max_width align-center align-center vc_row-o-equal-height vc_row-flex\">         <div class=\"wpb_column vc_column_container animation bottom-to-top vc_col-sm-12 vc_col-lg-4 et-dark-column\"><div class=\"vc_column-inner\"><div class=\"wpb_wrapper\">            \n\t<div class=\"wpb_text_column wpb_content_element  \" >\n\t\t<div class=\"wpb_wrapper\">\n\t\t\t<h4>PROFESSIONALIT\u00c4T<\/h4>\n<p><span style=\"font-weight: 400;\">Jahrelange Erfahrung in der GSM-Branche ist eine fruchtbare Zeit, die wir damit verbracht haben, unsere F\u00e4higkeiten zu verbessern und das notwendige Wissen zu erwerben. GSM-Telefone und Zubeh\u00f6r daf\u00fcr haben f\u00fcr uns keine Geheimnisse. Wenn Sie sich f\u00fcr einen Kauf im HELLOCASE Store entscheiden, k\u00f6nnen Sie sicher sein, dass Sie in jeder Phase von der besten Pflege umgeben sind.<\/span><\/p>\n\n\t\t<\/div>\n\t<\/div>\n         <\/div><\/div><\/div>                  <div class=\"wpb_column vc_column_container animation bottom-to-top vc_col-sm-12 vc_col-lg-4 et-dark-column\"><div class=\"vc_column-inner\"><div class=\"wpb_wrapper\">                        \n\t<div class=\"wpb_text_column wpb_content_element  \" >\n\t\t<div class=\"wpb_wrapper\">\n\t\t\t<h4><span style=\"font-weight: 400;\">PREMIUM QUALIT\u00c4T<\/span><\/h4>\n<p><span style=\"font-weight: 400;\">Premium-Zubeh\u00f6r im GSM-Markt ist wie ein Heilmittel. Wir haben daf\u00fcr gesorgt, dass wir an einem Ort die Produkte anbieten, die wir selbst getestet haben und t\u00e4glich verwenden. Richtig ausgew\u00e4hltes Zubeh\u00f6r sorgt nicht nur f\u00fcr die Sicherheit Ihrer Ger\u00e4te, sondern auch f\u00fcr Sie. W\u00e4hle weise!<\/span><\/p>\n\n\t\t<\/div>\n\t<\/div>\n         <\/div><\/div><\/div>      <\/div>   <\/div><\/div><\/div><\/div><\/div><div  class=\"sec_row container-fluid\"><div class=\"vc_row wpb_row vc_row-fluid no-padding vc_custom_1588128887000\">      <div class=\"wpb_column vc_column_container vc_col-sm-12 et-dark-column\"><div class=\"vc_column-inner\"><div class=\"wpb_wrapper\">            <div class=\"vc_row wpb_row vc_inner vc_row-fluid max_width align-center vc_row-o-content-middle vc_row-flex\">         <div class=\"small-order-1 medium-order-2 wpb_column vc_column_container vc_col-sm-6 vc_col-md-6 et-dark-column\"><div class=\"vc_column-inner\"><div class=\"wpb_wrapper\">            \n\t<div id=\"et-counter-69d76f4a7dd9b\" class=\"et-counter animation bottom-to-top counter-color-dark icon-color- text-color- counter-left\" >\n\t\t\t\t\t<div class=\"counter-container\">\n\t\t\t\t\t\t\t\t\t<div class=\"h1\" data-count=\"250\" data-speed=\"2000\">0<\/div>\n\t\t\t\t\t\t\t\t\t\t\t<\/div>\n\t\t\t\t\t\t\t<div class=\"description\"><p>Telefonmodelle, f\u00fcr die wir spezielles Zubeh\u00f6r anbieten. Diese Zahl w\u00e4chst st\u00e4ndig und zeigt keine Anzeichen einer Verlangsamung!<\/p><\/div>\n\t\t\t\t\t\t\t\t\t\t\n\t<\/div>\n\t         <\/div><\/div><\/div>         <div class=\"wpb_column vc_column_container vc_col-sm-6 et-dark-column\"><div class=\"vc_column-inner\"><div class=\"wpb_wrapper\">            \n\t<div id=\"et-counter-69d76f4a7de2f\" class=\"et-counter animation bottom-to-top counter-color-dark icon-color- text-color- counter-left\" >\n\t\t\t\t\t<div class=\"counter-container\">\n\t\t\t\t\t\t\t\t\t<div class=\"h1\" data-count=\"040\" data-speed=\"2000\">0<\/div>\n\t\t\t\t\t\t\t\t\t\t\t<\/div>\n\t\t\t\t\t\t\t<div class=\"description\"><p>Spezialisten, die jeden Tag daf\u00fcr sorgen, dass die Produkte, die wir auf den Markt bringen, die Erwartungen selbst der anspruchsvollsten Benutzer erf\u00fcllen.<\/p><\/div>\n\t\t\t\t\t\t\t\t\t\t\n\t<\/div>\n\t         <\/div><\/div><\/div>      <\/div>   <\/div><\/div><\/div><\/div><\/div><div  class=\"sec_row container-fluid\"><div class=\"vc_row wpb_row vc_row-fluid vc_custom_1579114943204 vc_row-has-fill\">   <div class=\"wpb_column vc_column_container vc_col-sm-12 et-dark-column\"><div class=\"vc_column-inner\"><div class=\"wpb_wrapper\">      <div class=\"vc_row wpb_row vc_inner vc_row-fluid max_width align-center vc_custom_1578532916555\">         <div class=\"wpb_column vc_column_container animation bottom-to-top vc_col-sm-12 vc_col-lg-6 et-dark-column\"><div class=\"vc_column-inner\"><div class=\"wpb_wrapper\">            \n\t<div class=\"wpb_text_column wpb_content_element  \" >\n\t\t<div class=\"wpb_wrapper\">\n\t\t\t<h5 class=\"fancy-title\" style=\"text-align: center;\">Schl\u00fcsselprinzipien<\/h5>\n<p style=\"text-align: center;\">denen wir bei der Entwicklung neuer Produkte folgen.<\/p>\n\n\t\t<\/div>\n\t<\/div>\n         <\/div><\/div><\/div>      <\/div>      <div class=\"vc_row wpb_row vc_inner vc_row-fluid max_width align-center\">         <div class=\"wpb_column vc_column_container animation bottom-to-top vc_col-sm-12 vc_col-lg-8 et-dark-column\"><div class=\"vc_column-inner\"><div class=\"wpb_wrapper\">            \t<div id=\"et-icon-holder-57\" class=\"et-icon-holder row center-true lg-block-grid-3 md-block-grid-2 block-grid-1 \">\n\t\t               \r\n\t<div id=\"et-iconbox-741\" class=\"et-iconbox layout-centered icon-style-simple bottom-spacing-none icon-color- text-color-  \"> \r\n\t\t<div class=\"et-icon-inner\">\r\n\t\t\t\t\t\t<figure class=\"et-feature-icon\">\r\n\t\t\t\t\t\t\t\t<span class=\"pe-7s-cart\"><\/span>\r\n\t\t\t\t\t\t\t<\/figure>\r\n\t\t\t\t\t\t<div class=\"et-feature-content\"> \r\n\t\t\t\t\t\t\t\t\t\t\t\t\t\t\t\t\t<h4 class=\"title\">Entwurf<\/h4>\r\n\t\t\t\t\t\t\t\t\t\t\t\t<div class=\"wpb_text_column\"><p>Genie\u00dfe jeden Zentimeter.<\/p>\n<\/div>\r\n\t\t\t<\/div>\r\n\t\t<\/div>\r\n\t<\/div>\r\n\r\n\t               \r\n\t<div id=\"et-iconbox-264\" class=\"et-iconbox layout-centered icon-style-simple bottom-spacing-none icon-color- text-color-  \"> \r\n\t\t<div class=\"et-icon-inner\">\r\n\t\t\t\t\t\t<figure class=\"et-feature-icon\">\r\n\t\t\t\t\t\t\t\t<span class=\"pe-7s-signal\"><\/span>\r\n\t\t\t\t\t\t\t<\/figure>\r\n\t\t\t\t\t\t<div class=\"et-feature-content\"> \r\n\t\t\t\t\t\t\t\t\t\t\t\t\t\t\t\t\t<h4 class=\"title\">Mobilit\u00e4t<\/h4>\r\n\t\t\t\t\t\t\t\t\t\t\t\t<div class=\"wpb_text_column\"><p>Verwenden Sie, wie Sie m\u00f6chten.<\/p>\n<\/div>\r\n\t\t\t<\/div>\r\n\t\t<\/div>\r\n\t<\/div>\r\n\r\n\t               \r\n\t<div id=\"et-iconbox-63\" class=\"et-iconbox layout-centered icon-style-simple bottom-spacing-none icon-color- text-color-  \"> \r\n\t\t<div class=\"et-icon-inner\">\r\n\t\t\t\t\t\t<figure class=\"et-feature-icon\">\r\n\t\t\t\t\t\t\t\t<span class=\"pe-7s-light\"><\/span>\r\n\t\t\t\t\t\t\t<\/figure>\r\n\t\t\t\t\t\t<div class=\"et-feature-content\"> \r\n\t\t\t\t\t\t\t\t\t\t\t\t\t\t\t\t\t<h4 class=\"title\">Innovation<\/h4>\r\n\t\t\t\t\t\t\t\t\t\t\t\t<div class=\"wpb_text_column\"><p>Weil du es verdienst.<\/p>\n<\/div>\r\n\t\t\t<\/div>\r\n\t\t<\/div>\r\n\t<\/div>\r\n\r\n\t            \t<\/div>\n\t         <\/div><\/div><\/div>      <\/div>   <\/div><\/div><\/div><\/div><\/div><div  class=\"sec_row container\"><div class=\"vc_row wpb_row vc_row-fluid vc_custom_1579114565104\">   <div class=\"wpb_column vc_column_container vc_col-sm-3 et-dark-column\"><div class=\"vc_column-inner\"><div class=\"wpb_wrapper\">      \n\t<div class=\"wpb_text_column wpb_content_element animation left-to-right \" >\n\t\t<div class=\"wpb_wrapper\">\n\t\t\t<h5 class=\"fancy-title\">Am Ende<\/h5>\n<h2>Ein paar Fotos<\/h2>\n<p>Wo Sie unsere Produkte im t\u00e4glichen Einsatz sehen k\u00f6nnen.      <\/p>\n\n\t\t<\/div>\n\t<\/div>\n   <\/div><\/div><\/div>   <div class=\"wpb_column vc_column_container vc_col-sm-3 et-dark-column\"><div class=\"vc_column-inner\"><div class=\"wpb_wrapper\">      \n\t<div  class=\"wpb_single_image wpb_content_element vc_align_center\">\n\t\t\n\t\t<figure class=\"wpb_wrapper vc_figure\">\n\t\t\t<a class=\"\" data-lightbox=\"lightbox[rel-110-2770953355]\" href=\"https:\/\/cdn.sela.to\/uploads\/2022\/11\/HELLOCASE-usecase-1-1024x1024.jpg\" target=\"_self\" class=\"vc_single_image-wrapper   vc_box_border_grey\"><img width=\"300\" height=\"300\" src=\"https:\/\/cdn.sela.to\/uploads\/2022\/11\/HELLOCASE-usecase-1-300x300.jpg\" class=\"vc_single_image-img attachment-medium\" alt=\"\" decoding=\"async\" loading=\"lazy\" title=\"HELLOCASE - usecase 1\" srcset=\"https:\/\/cdn.sela.to\/uploads\/2022\/11\/HELLOCASE-usecase-1-300x300.jpg 300w, https:\/\/cdn.sela.to\/uploads\/2022\/11\/HELLOCASE-usecase-1-1024x1024.jpg 1024w, https:\/\/cdn.sela.to\/uploads\/2022\/11\/HELLOCASE-usecase-1-150x150.jpg 150w, https:\/\/cdn.sela.to\/uploads\/2022\/11\/HELLOCASE-usecase-1-768x768.jpg 768w, https:\/\/cdn.sela.to\/uploads\/2022\/11\/HELLOCASE-usecase-1-600x600.jpg 600w, https:\/\/cdn.sela.to\/uploads\/2022\/11\/HELLOCASE-usecase-1-900x900.jpg 900w, https:\/\/cdn.sela.to\/uploads\/2022\/11\/HELLOCASE-usecase-1-100x100.jpg 100w, https:\/\/cdn.sela.to\/uploads\/2022\/11\/HELLOCASE-usecase-1.jpg 1200w\" sizes=\"(max-width: 300px) 100vw, 300px\" \/><\/a>\n\t\t<\/figure>\n\t<\/div>\n   <\/div><\/div><\/div>   <div class=\"wpb_column vc_column_container vc_col-sm-3 et-dark-column\"><div class=\"vc_column-inner\"><div class=\"wpb_wrapper\">      \n\t<div  class=\"wpb_single_image wpb_content_element vc_align_center\">\n\t\t\n\t\t<figure class=\"wpb_wrapper vc_figure\">\n\t\t\t<a class=\"\" data-lightbox=\"lightbox[rel-110-613872343]\" href=\"https:\/\/cdn.sela.to\/uploads\/2022\/11\/HELLOCASE-usecase-2-1024x1024.jpg\" target=\"_self\" class=\"vc_single_image-wrapper   vc_box_border_grey\"><img width=\"300\" height=\"300\" src=\"https:\/\/cdn.sela.to\/uploads\/2022\/11\/HELLOCASE-usecase-2-300x300.jpg\" class=\"vc_single_image-img attachment-medium\" alt=\"\" decoding=\"async\" loading=\"lazy\" title=\"HELLOCASE - usecase 2\" srcset=\"https:\/\/cdn.sela.to\/uploads\/2022\/11\/HELLOCASE-usecase-2-300x300.jpg 300w, https:\/\/cdn.sela.to\/uploads\/2022\/11\/HELLOCASE-usecase-2-1024x1024.jpg 1024w, https:\/\/cdn.sela.to\/uploads\/2022\/11\/HELLOCASE-usecase-2-150x150.jpg 150w, https:\/\/cdn.sela.to\/uploads\/2022\/11\/HELLOCASE-usecase-2-768x768.jpg 768w, https:\/\/cdn.sela.to\/uploads\/2022\/11\/HELLOCASE-usecase-2-600x600.jpg 600w, https:\/\/cdn.sela.to\/uploads\/2022\/11\/HELLOCASE-usecase-2-900x900.jpg 900w, https:\/\/cdn.sela.to\/uploads\/2022\/11\/HELLOCASE-usecase-2-100x100.jpg 100w, https:\/\/cdn.sela.to\/uploads\/2022\/11\/HELLOCASE-usecase-2.jpg 1200w\" sizes=\"(max-width: 300px) 100vw, 300px\" \/><\/a>\n\t\t<\/figure>\n\t<\/div>\n   <\/div><\/div><\/div>   <div class=\"wpb_column vc_column_container vc_col-sm-3 et-dark-column\"><div class=\"vc_column-inner\"><div class=\"wpb_wrapper\">      \n\t<div  class=\"wpb_single_image wpb_content_element vc_align_center\">\n\t\t\n\t\t<figure class=\"wpb_wrapper vc_figure\">\n\t\t\t<a class=\"\" data-lightbox=\"lightbox[rel-110-3504119648]\" href=\"https:\/\/cdn.sela.to\/uploads\/2022\/11\/HELLOCASE-usecase-3-1024x1024.jpg\" target=\"_self\" class=\"vc_single_image-wrapper   vc_box_border_grey\"><img width=\"300\" height=\"300\" src=\"https:\/\/cdn.sela.to\/uploads\/2022\/11\/HELLOCASE-usecase-3-300x300.jpg\" class=\"vc_single_image-img attachment-medium\" alt=\"\" decoding=\"async\" loading=\"lazy\" title=\"HELLOCASE - usecase 3\" srcset=\"https:\/\/cdn.sela.to\/uploads\/2022\/11\/HELLOCASE-usecase-3-300x300.jpg 300w, https:\/\/cdn.sela.to\/uploads\/2022\/11\/HELLOCASE-usecase-3-1024x1024.jpg 1024w, https:\/\/cdn.sela.to\/uploads\/2022\/11\/HELLOCASE-usecase-3-150x150.jpg 150w, https:\/\/cdn.sela.to\/uploads\/2022\/11\/HELLOCASE-usecase-3-768x768.jpg 768w, https:\/\/cdn.sela.to\/uploads\/2022\/11\/HELLOCASE-usecase-3-600x600.jpg 600w, https:\/\/cdn.sela.to\/uploads\/2022\/11\/HELLOCASE-usecase-3-900x900.jpg 900w, https:\/\/cdn.sela.to\/uploads\/2022\/11\/HELLOCASE-usecase-3-100x100.jpg 100w, https:\/\/cdn.sela.to\/uploads\/2022\/11\/HELLOCASE-usecase-3.jpg 1200w\" sizes=\"(max-width: 300px) 100vw, 300px\" \/><\/a>\n\t\t<\/figure>\n\t<\/div>\n   <\/div><\/div><\/div><\/div><\/div>\n<style type=\"text\/css\" data-type=\"vc_shortcodes-custom-css\">.vc_custom_1668461682495{background-color: #1b6667 !important;background-position: center !important;background-repeat: no-repeat !important;background-size: cover !important;}.vc_custom_1668461894685{background-color: #1b6667 !important;background-position: center !important;background-repeat: no-repeat !important;background-size: cover !important;}.vc_custom_1588128835660{padding-top: 60px !important;padding-bottom: 60px !important;}.vc_custom_1588129008197{padding-top: 80px !important;padding-bottom: 45px !important;background-color: #f2f2f2 !important;}.vc_custom_1588128887000{padding-top: 60px !important;padding-bottom: 60px !important;}.vc_custom_1579114943204{padding-top: 80px !important;padding-bottom: 60px !important;background-color: #f6f6f6 !important;}.vc_custom_1579114565104{padding-top: 60px !important;padding-bottom: 60px !important;}.vc_custom_1668461677255{padding-top: 100px !important;padding-bottom: 100px !important;background-image: url(https:\/\/cdn.sela.to\/uploads\/2022\/11\/O-nas-desktop-1.png?id=406) !important;background-position: center !important;background-repeat: no-repeat !important;background-size: cover !important;}.vc_custom_1668434256793{background-position: center !important;background-repeat: no-repeat !important;background-size: cover !important;}.vc_custom_1668434263459{padding-top: 120px !important;padding-right: 15% !important;padding-bottom: 120px !important;padding-left: 15% !important;}.vc_custom_1668461663252{margin-top: 30px !important;}.vc_custom_1668461884744{padding-top: 100px !important;padding-bottom: 100px !important;background-image: url(https:\/\/cdn.sela.to\/uploads\/2022\/11\/O-nas-mobile.png?id=409) !important;background-position: center !important;background-repeat: no-repeat !important;background-size: cover !important;}.vc_custom_1668434873424{padding-top: 5% !important;padding-right: 5% !important;padding-bottom: 25% !important;padding-left: 5% !important;background-position: center !important;background-repeat: no-repeat !important;background-size: cover !important;}.vc_custom_1668431633258{padding-top: 40px !important;}.vc_custom_1578532916555{margin-bottom: 25px !important;}<\/style>\n<\/section>","protected":false},"excerpt":{"rendered":"<p>Premium-Markef\u00fcr GSM-Zubeh\u00f6r. Premium-Markef\u00fcr GSM-Zubeh\u00f6r. AUFNAHMEWORT HELLOCASE IST Zun\u00e4chst einmal ein eingespieltes und dynamisches Team von Enthusiasten f\u00fcr neue Technologien. Das hochwertigste GSM-Zubeh\u00f6r ist unser Reitstock! Unser Ziel ist, dass die von uns verkauften Produkte sicher f\u00fcr das Ger\u00e4t sind und lange halten. Die Kundenzufriedenheit wird anhand der Anzahl der verkauften&hellip;<\/p>\n","protected":false},"author":1,"featured_media":0,"parent":0,"menu_order":0,"comment_status":"closed","ping_status":"closed","template":"","meta":[],"acf":[],"yoast_head":"<!-- This site is optimized with the Yoast SEO plugin v20.4 - https:\/\/yoast.com\/wordpress\/plugins\/seo\/ -->\n<title>\u00dcber uns - HELLOCASE<\/title>\n<meta name=\"robots\" content=\"index, follow, max-snippet:-1, max-image-preview:large, max-video-preview:-1\" \/>\n<link rel=\"canonical\" href=\"https:\/\/hellocase.eu\/de\/ueber-uns\/\" \/>\n<meta property=\"og:locale\" content=\"de_DE\" \/>\n<meta property=\"og:type\" content=\"article\" \/>\n<meta property=\"og:title\" content=\"\u00dcber uns - HELLOCASE\" \/>\n<meta property=\"og:description\" content=\"Premium-Markef\u00fcr GSM-Zubeh\u00f6r. Premium-Markef\u00fcr GSM-Zubeh\u00f6r. AUFNAHMEWORT HELLOCASE IST Zun\u00e4chst einmal ein eingespieltes und dynamisches Team von Enthusiasten f\u00fcr neue Technologien. Das hochwertigste GSM-Zubeh\u00f6r ist unser Reitstock! Unser Ziel ist, dass die von uns verkauften Produkte sicher f\u00fcr das Ger\u00e4t sind und lange halten. Die Kundenzufriedenheit wird anhand der Anzahl der verkauften&hellip;\" \/>\n<meta property=\"og:url\" content=\"https:\/\/hellocase.eu\/de\/ueber-uns\/\" \/>\n<meta property=\"og:site_name\" content=\"HELLOCASE\" \/>\n<meta property=\"article:modified_time\" content=\"2023-03-21T21:13:27+00:00\" \/>\n<meta name=\"twitter:card\" content=\"summary_large_image\" \/>\n<script type=\"application\/ld+json\" class=\"yoast-schema-graph\">{\"@context\":\"https:\/\/schema.org\",\"@graph\":[{\"@type\":\"WebPage\",\"@id\":\"https:\/\/hellocase.eu\/de\/ueber-uns\/\",\"url\":\"https:\/\/hellocase.eu\/de\/ueber-uns\/\",\"name\":\"\u00dcber uns - HELLOCASE\",\"isPartOf\":{\"@id\":\"https:\/\/hellocase.eu\/pl\/#website\"},\"datePublished\":\"2022-11-10T10:00:46+00:00\",\"dateModified\":\"2023-03-21T21:13:27+00:00\",\"breadcrumb\":{\"@id\":\"https:\/\/hellocase.eu\/de\/ueber-uns\/#breadcrumb\"},\"inLanguage\":\"de-DE\",\"potentialAction\":[{\"@type\":\"ReadAction\",\"target\":[\"https:\/\/hellocase.eu\/de\/ueber-uns\/\"]}]},{\"@type\":\"BreadcrumbList\",\"@id\":\"https:\/\/hellocase.eu\/de\/ueber-uns\/#breadcrumb\",\"itemListElement\":[{\"@type\":\"ListItem\",\"position\":1,\"name\":\"Strona g\u0142\u00f3wna\",\"item\":\"https:\/\/hellocase.eu\/de\/\"},{\"@type\":\"ListItem\",\"position\":2,\"name\":\"\u00dcber uns\"}]},{\"@type\":\"WebSite\",\"@id\":\"https:\/\/hellocase.eu\/pl\/#website\",\"url\":\"https:\/\/hellocase.eu\/pl\/\",\"name\":\"HELLOCASE\",\"description\":\"Your mobile partner\",\"potentialAction\":[{\"@type\":\"SearchAction\",\"target\":{\"@type\":\"EntryPoint\",\"urlTemplate\":\"https:\/\/hellocase.eu\/pl\/?s={search_term_string}\"},\"query-input\":\"required name=search_term_string\"}],\"inLanguage\":\"de-DE\"}]}<\/script>\n<!-- \/ Yoast SEO plugin. -->","yoast_head_json":{"title":"\u00dcber uns - HELLOCASE","robots":{"index":"index","follow":"follow","max-snippet":"max-snippet:-1","max-image-preview":"max-image-preview:large","max-video-preview":"max-video-preview:-1"},"canonical":"https:\/\/hellocase.eu\/de\/ueber-uns\/","og_locale":"de_DE","og_type":"article","og_title":"\u00dcber uns - HELLOCASE","og_description":"Premium-Markef\u00fcr GSM-Zubeh\u00f6r. Premium-Markef\u00fcr GSM-Zubeh\u00f6r. AUFNAHMEWORT HELLOCASE IST Zun\u00e4chst einmal ein eingespieltes und dynamisches Team von Enthusiasten f\u00fcr neue Technologien. Das hochwertigste GSM-Zubeh\u00f6r ist unser Reitstock! Unser Ziel ist, dass die von uns verkauften Produkte sicher f\u00fcr das Ger\u00e4t sind und lange halten. Die Kundenzufriedenheit wird anhand der Anzahl der verkauften&hellip;","og_url":"https:\/\/hellocase.eu\/de\/ueber-uns\/","og_site_name":"HELLOCASE","article_modified_time":"2023-03-21T21:13:27+00:00","twitter_card":"summary_large_image","schema":{"@context":"https:\/\/schema.org","@graph":[{"@type":"WebPage","@id":"https:\/\/hellocase.eu\/de\/ueber-uns\/","url":"https:\/\/hellocase.eu\/de\/ueber-uns\/","name":"\u00dcber uns - HELLOCASE","isPartOf":{"@id":"https:\/\/hellocase.eu\/pl\/#website"},"datePublished":"2022-11-10T10:00:46+00:00","dateModified":"2023-03-21T21:13:27+00:00","breadcrumb":{"@id":"https:\/\/hellocase.eu\/de\/ueber-uns\/#breadcrumb"},"inLanguage":"de-DE","potentialAction":[{"@type":"ReadAction","target":["https:\/\/hellocase.eu\/de\/ueber-uns\/"]}]},{"@type":"BreadcrumbList","@id":"https:\/\/hellocase.eu\/de\/ueber-uns\/#breadcrumb","itemListElement":[{"@type":"ListItem","position":1,"name":"Strona g\u0142\u00f3wna","item":"https:\/\/hellocase.eu\/de\/"},{"@type":"ListItem","position":2,"name":"\u00dcber uns"}]},{"@type":"WebSite","@id":"https:\/\/hellocase.eu\/pl\/#website","url":"https:\/\/hellocase.eu\/pl\/","name":"HELLOCASE","description":"Your mobile partner","potentialAction":[{"@type":"SearchAction","target":{"@type":"EntryPoint","urlTemplate":"https:\/\/hellocase.eu\/pl\/?s={search_term_string}"},"query-input":"required name=search_term_string"}],"inLanguage":"de-DE"}]}},"_links":{"self":[{"href":"https:\/\/hellocase.eu\/de\/wp-json\/wp\/v2\/pages\/110"}],"collection":[{"href":"https:\/\/hellocase.eu\/de\/wp-json\/wp\/v2\/pages"}],"about":[{"href":"https:\/\/hellocase.eu\/de\/wp-json\/wp\/v2\/types\/page"}],"author":[{"embeddable":true,"href":"https:\/\/hellocase.eu\/de\/wp-json\/wp\/v2\/users\/1"}],"replies":[{"embeddable":true,"href":"https:\/\/hellocase.eu\/de\/wp-json\/wp\/v2\/comments?post=110"}],"version-history":[{"count":0,"href":"https:\/\/hellocase.eu\/de\/wp-json\/wp\/v2\/pages\/110\/revisions"}],"wp:attachment":[{"href":"https:\/\/hellocase.eu\/de\/wp-json\/wp\/v2\/media?parent=110"}],"curies":[{"name":"wp","href":"https:\/\/api.w.org\/{rel}","templated":true}]}}