{"id":106,"date":"2022-11-10T10:58:12","date_gmt":"2022-11-10T09:58:12","guid":{"rendered":"https:\/\/hellocase.eu\/dostawa-i-platnosc\/"},"modified":"2022-11-21T19:03:05","modified_gmt":"2022-11-21T18:03:05","slug":"lieferung-und-zahlung","status":"publish","type":"page","link":"https:\/\/hellocase.eu\/de\/lieferung-und-zahlung\/","title":{"rendered":"Lieferung und Zahlung"},"content":{"rendered":"\n<p>Nachfolgend finden Sie grundlegende Informationen \u00fcber die im <strong>HELLOCASE<\/strong>-Onlineshop unterst\u00fctzten Zahlungsarten und die Kurierunternehmen (und deren Versandarten), mit denen wir den Versand durchf\u00fchren.<\/p>\n\n\n\n<h2 class=\"wp-block-heading\">Allgemeine Informationen<\/h2>\n\n\n\n<ul>\n<li>Wir versenden die Ware an Werktagen innerhalb von 24 Stunden (gerechnet ab Zahlungseingang).<\/li>\n\n\n\n<li>Die Lieferzeit wird ab dem Zeitpunkt der Absendung der Ware gerechnet.<\/li>\n\n\n\n<li>Wir werden Sie per E-Mail \u00fcber den Versand informieren. Sie erhalten eine Versandnummer in der Nachricht von uns sowie einen Link, um Ihre Sendung zu verfolgen.<\/li>\n\n\n\n<li>Die Versandkosten in unserem Shop sind nicht abh\u00e4ngig von der Anzahl der gekauften Artikel. Wir berechnen immer die gleichen Versandkosten (abh\u00e4ngig von der gew\u00e4hlten Versandart und Zahlungsmethode).<\/li>\n<\/ul>\n\n\n\n<h2 class=\"wp-block-heading\">Preisliste f\u00fcr die Lieferung<\/h2>\n\n\n\n<p>Bei <strong>HELLOCASE<\/strong> bieten wir verschiedene Versandarten an (sowohl direkte Lieferung nach Hause als auch Punkt-zu-Punkt), damit Sie Ihr Paket bequem abholen k\u00f6nnen. In der nachstehenden Tabelle finden Sie die Versandunternehmen, die wir f\u00fcr die Zustellung unserer Pakete ausgew\u00e4hlt haben.<\/p>\n\n\n<div style=\"padding: 0 0 20px 0;\">Lieferung nach <select style=\"margin-left: 10px; padding: 4px 40px 4px 12px !important; height: 40px;\" id=\"countrySwitcher\"><option value=\"PL\" >Polen<\/option><option value=\"DE\" selected>Deutschland<\/option><option value=\"AT\" >\u00d6sterreich<\/option><\/select><\/div>\n    <!-- wp:table -->\n        <figure id=\"shipping-PL\" class=\"wp-block-table table-responsive table-compact shipping_container\" style=\"display: none;\">\n            <table>\n                <thead>\n                    <tr>\n                        <th>Kurier<\/th>\n                        <th>Lieferungsmethode<\/th>\n                        <th>Transportzeit<\/th>\n                        <th>Kosten<\/th>\n                    <\/tr>\n                <\/thead>\n                <tbody>\n                    <tr>\n                        <td class=\"has-text-align-center\">\n                            <img src=\"https:\/\/cdn.sela.to\/plugins\/selato\/assets\/img\/companies\/inpost.png\" \/>\n                        <\/td>\n                        <td><strong>InPost-Kurier<\/strong><\/td>\n                        <td>1 Werktag<\/td>\n                        <td>3 EUR<\/td>\n                    <\/tr>\n                    <tr>\n                        <td class=\"has-text-align-center\">\n                            <img src=\"https:\/\/cdn.sela.to\/plugins\/selato\/assets\/img\/companies\/gls.png\" \/>\n                        <\/td>\n                        <td><strong>GLS-Kurier<\/strong><\/td>\n                        <td>1 Werktag<\/td>\n                        <td>3 EUR<\/td>\n                    <\/tr>\n                    <tr>\n                        <td class=\"has-text-align-center\">\n                            <img src=\"https:\/\/cdn.sela.to\/plugins\/selato\/assets\/img\/companies\/dpd.png\" \/>\n                        <\/td>\n                        <td><strong>DPD-Kurier<\/strong><\/td>\n                        <td>1 Werktag<\/td>\n                        <td>3 EUR<\/td>\n                    <\/tr>\n                    <tr>\n                        <td class=\"has-text-align-center\">\n                            <img src=\"https:\/\/cdn.sela.to\/plugins\/selato\/assets\/img\/companies\/pp.png\" \/>\n                        <\/td>\n                        <td><strong>Pocztex-Kurier<\/strong><\/td>\n                        <td>1-2 Werktage<\/td>\n                        <td>3 EUR<\/td>\n                    <\/tr><\/tbody><\/table><\/figure><!-- \/wp:table -->\n    <!-- wp:table -->\n        <figure id=\"shipping-DE\" class=\"wp-block-table table-responsive table-compact shipping_container\" style=\"\">\n            <table>\n                <thead>\n                    <tr>\n                        <th>Kurier<\/th>\n                        <th>Lieferungsmethode<\/th>\n                        <th>Transportzeit<\/th>\n                        <th>Kosten<\/th>\n                    <\/tr>\n                <\/thead>\n                <tbody>\n                    <tr>\n                        <td class=\"has-text-align-center\">\n                            <img src=\"https:\/\/cdn.sela.to\/plugins\/selato\/assets\/img\/companies\/gls.png\" \/>\n                        <\/td>\n                        <td><strong>GLS-Kurier<\/strong><\/td>\n                        <td>1-2 Werktage<\/td>\n                        <td>5.99 EUR<\/td>\n                    <\/tr>\n                    <tr>\n                        <td class=\"has-text-align-center\">\n                            <img src=\"https:\/\/cdn.sela.to\/plugins\/selato\/assets\/img\/companies\/dpd.png\" \/>\n                        <\/td>\n                        <td><strong>DPD-Kurier<\/strong><\/td>\n                        <td>1-2 Werktage<\/td>\n                        <td>6.99 EUR<\/td>\n                    <\/tr><\/tbody><\/table><\/figure><!-- \/wp:table -->\n    <!-- wp:table -->\n        <figure id=\"shipping-AT\" class=\"wp-block-table table-responsive table-compact shipping_container\" style=\"display: none;\">\n            <table>\n                <thead>\n                    <tr>\n                        <th>Kurier<\/th>\n                        <th>Lieferungsmethode<\/th>\n                        <th>Transportzeit<\/th>\n                        <th>Kosten<\/th>\n                    <\/tr>\n                <\/thead>\n                <tbody>\n                    <tr>\n                        <td class=\"has-text-align-center\">\n                            <img src=\"https:\/\/cdn.sela.to\/plugins\/selato\/assets\/img\/companies\/gls.png\" \/>\n                        <\/td>\n                        <td><strong>GLS-Kurier<\/strong><\/td>\n                        <td>1-2 Werktage<\/td>\n                        <td>5,99 EUR<\/td>\n                    <\/tr>\n                    <tr>\n                        <td class=\"has-text-align-center\">\n                            <img src=\"https:\/\/cdn.sela.to\/plugins\/selato\/assets\/img\/companies\/dpd.png\" \/>\n                        <\/td>\n                        <td><strong>DPD-Kurier<\/strong><\/td>\n                        <td>1-2 Werktage<\/td>\n                        <td>6,99 EUR<\/td>\n                    <\/tr><\/tbody><\/table><\/figure><!-- \/wp:table -->\n\n\n\n<h2 class=\"wp-block-heading\">Zahlungsm\u00f6glichkeiten<\/h2>\n\n\n\n<p>Wir bei <strong>HELLOCASE<\/strong> sind uns bewusst, dass jeder seine eigenen Zahlungspr\u00e4ferenzen f\u00fcr Online-Eink\u00e4ufe hat. Deshalb bieten wir Ihnen verschiedene M\u00f6glichkeiten, Ihre Bestellung zu bezahlen. In der nachstehenden Tabelle k\u00f6nnen Sie die Vorteile jeder dieser Zahlungsarten sehen.<\/p>\n\n\n\n<!-- wp:table -->\n    <figure class=\"wp-block-table table-responsive \">\n        <table>\n            <thead>\n                <tr>\n                    <th style=\"width:25%\">Zahlungsmethode<\/th>\n                    <th style=\"width:75%\">Beschreibung<\/th>\n                <\/tr>\n            <\/thead>\n            <tbody>\n                <tr>\n                    <td class=\"has-text-align-center\">\n                        <div>\n                            <img class=\"\" src=\"https:\/\/cdn.sela.to\/plugins\/selato\/assets\/img\/companies\/paypal.png\" \/>\n                        <\/div>\n                        <strong>PayPal<\/strong>\n                    <\/td>\n                    <td>PayPal ist ein globaler Zahlungsvermittler, \u00fcber den Sie schnelle Zahlungen mit Ihrem Bankkonto oder Ihrer Zahlungskarte t\u00e4tigen k\u00f6nnen.<\/td>\n                <\/tr>\n                <tr>\n                    <td class=\"has-text-align-center\">\n                        <div>\n                            <img class=\"\" src=\"https:\/\/cdn.sela.to\/plugins\/selato\/assets\/img\/companies\/alior_bank.png\" \/>\n                        <\/div>\n                        <strong>Traditionelle \u00dcbertragung<\/strong>\n                    <\/td>\n                    <td>Wenn Sie sich f\u00fcr eine traditionelle \u00dcberweisung entscheiden, beachten Sie bitte, dass die \u00dcberweisung m\u00f6glicherweise erst am n\u00e4chsten Arbeitstag gutgeschrieben wird. Nachstehend finden Sie die Details zum Transfer:<br \/>\r\n54 2490 0005 0000 4600 2392 7026.<br \/>\r\nHELLOCASE, \u015aw. Leonarda 69\/70, 32-700 Bochnia<\/td>\n                <\/tr><\/tbody>\n        <\/table>\n    <\/figure>\n<!-- \/wp:table -->\n","protected":false},"excerpt":{"rendered":"<p>Nachfolgend finden Sie grundlegende Informationen \u00fcber die im -Onlineshop unterst\u00fctzten Zahlungsarten und die Kurierunternehmen (und deren Versandarten), mit denen wir den Versand durchf\u00fchren. Allgemeine Informationen Preisliste f\u00fcr die Lieferung Bei bieten wir verschiedene Versandarten an (sowohl direkte Lieferung nach Hause als auch Punkt-zu-Punkt), damit Sie Ihr Paket bequem abholen k\u00f6nnen.&hellip;<\/p>\n","protected":false},"author":1,"featured_media":475,"parent":0,"menu_order":0,"comment_status":"closed","ping_status":"closed","template":"","meta":[],"acf":[],"yoast_head":"<!-- This site is optimized with the Yoast SEO plugin v20.4 - https:\/\/yoast.com\/wordpress\/plugins\/seo\/ -->\n<title>Lieferung und Zahlung - HELLOCASE<\/title>\n<meta name=\"robots\" content=\"index, follow, max-snippet:-1, max-image-preview:large, max-video-preview:-1\" \/>\n<link rel=\"canonical\" href=\"https:\/\/hellocase.eu\/de\/lieferung-und-zahlung\/\" \/>\n<meta property=\"og:locale\" content=\"de_DE\" \/>\n<meta property=\"og:type\" content=\"article\" \/>\n<meta property=\"og:title\" content=\"Lieferung und Zahlung - HELLOCASE\" \/>\n<meta property=\"og:description\" content=\"Nachfolgend finden Sie grundlegende Informationen \u00fcber die im -Onlineshop unterst\u00fctzten Zahlungsarten und die Kurierunternehmen (und deren Versandarten), mit denen wir den Versand durchf\u00fchren. Allgemeine Informationen Preisliste f\u00fcr die Lieferung Bei bieten wir verschiedene Versandarten an (sowohl direkte Lieferung nach Hause als auch Punkt-zu-Punkt), damit Sie Ihr Paket bequem abholen k\u00f6nnen.&hellip;\" \/>\n<meta property=\"og:url\" content=\"https:\/\/hellocase.eu\/de\/lieferung-und-zahlung\/\" \/>\n<meta property=\"og:site_name\" content=\"HELLOCASE\" \/>\n<meta property=\"article:modified_time\" content=\"2022-11-21T18:03:05+00:00\" \/>\n<meta property=\"og:image\" content=\"https:\/\/cdn.sela.to\/uploads\/2022\/11\/Dostawa-i-platnosc-2-scaled.jpg\" \/>\n\t<meta property=\"og:image:width\" content=\"2560\" \/>\n\t<meta property=\"og:image:height\" content=\"746\" \/>\n\t<meta property=\"og:image:type\" content=\"image\/jpeg\" \/>\n<meta name=\"twitter:card\" content=\"summary_large_image\" \/>\n<meta name=\"twitter:label1\" content=\"Gesch\u00e4tzte Lesezeit\" \/>\n\t<meta name=\"twitter:data1\" content=\"1 Minute\" \/>\n<script type=\"application\/ld+json\" class=\"yoast-schema-graph\">{\"@context\":\"https:\/\/schema.org\",\"@graph\":[{\"@type\":\"WebPage\",\"@id\":\"https:\/\/hellocase.eu\/de\/lieferung-und-zahlung\/\",\"url\":\"https:\/\/hellocase.eu\/de\/lieferung-und-zahlung\/\",\"name\":\"Lieferung und Zahlung - HELLOCASE\",\"isPartOf\":{\"@id\":\"https:\/\/hellocase.eu\/pl\/#website\"},\"datePublished\":\"2022-11-10T09:58:12+00:00\",\"dateModified\":\"2022-11-21T18:03:05+00:00\",\"breadcrumb\":{\"@id\":\"https:\/\/hellocase.eu\/de\/lieferung-und-zahlung\/#breadcrumb\"},\"inLanguage\":\"de-DE\",\"potentialAction\":[{\"@type\":\"ReadAction\",\"target\":[\"https:\/\/hellocase.eu\/de\/lieferung-und-zahlung\/\"]}]},{\"@type\":\"BreadcrumbList\",\"@id\":\"https:\/\/hellocase.eu\/de\/lieferung-und-zahlung\/#breadcrumb\",\"itemListElement\":[{\"@type\":\"ListItem\",\"position\":1,\"name\":\"Strona g\u0142\u00f3wna\",\"item\":\"https:\/\/hellocase.eu\/de\/\"},{\"@type\":\"ListItem\",\"position\":2,\"name\":\"Lieferung und Zahlung\"}]},{\"@type\":\"WebSite\",\"@id\":\"https:\/\/hellocase.eu\/pl\/#website\",\"url\":\"https:\/\/hellocase.eu\/pl\/\",\"name\":\"HELLOCASE\",\"description\":\"Your mobile partner\",\"potentialAction\":[{\"@type\":\"SearchAction\",\"target\":{\"@type\":\"EntryPoint\",\"urlTemplate\":\"https:\/\/hellocase.eu\/pl\/?s={search_term_string}\"},\"query-input\":\"required name=search_term_string\"}],\"inLanguage\":\"de-DE\"}]}<\/script>\n<!-- \/ Yoast SEO plugin. -->","yoast_head_json":{"title":"Lieferung und Zahlung - HELLOCASE","robots":{"index":"index","follow":"follow","max-snippet":"max-snippet:-1","max-image-preview":"max-image-preview:large","max-video-preview":"max-video-preview:-1"},"canonical":"https:\/\/hellocase.eu\/de\/lieferung-und-zahlung\/","og_locale":"de_DE","og_type":"article","og_title":"Lieferung und Zahlung - HELLOCASE","og_description":"Nachfolgend finden Sie grundlegende Informationen \u00fcber die im -Onlineshop unterst\u00fctzten Zahlungsarten und die Kurierunternehmen (und deren Versandarten), mit denen wir den Versand durchf\u00fchren. Allgemeine Informationen Preisliste f\u00fcr die Lieferung Bei bieten wir verschiedene Versandarten an (sowohl direkte Lieferung nach Hause als auch Punkt-zu-Punkt), damit Sie Ihr Paket bequem abholen k\u00f6nnen.&hellip;","og_url":"https:\/\/hellocase.eu\/de\/lieferung-und-zahlung\/","og_site_name":"HELLOCASE","article_modified_time":"2022-11-21T18:03:05+00:00","og_image":[{"width":2560,"height":746,"url":"https:\/\/cdn.sela.to\/uploads\/2022\/11\/Dostawa-i-platnosc-2-scaled.jpg","type":"image\/jpeg"}],"twitter_card":"summary_large_image","twitter_misc":{"Gesch\u00e4tzte Lesezeit":"1 Minute"},"schema":{"@context":"https:\/\/schema.org","@graph":[{"@type":"WebPage","@id":"https:\/\/hellocase.eu\/de\/lieferung-und-zahlung\/","url":"https:\/\/hellocase.eu\/de\/lieferung-und-zahlung\/","name":"Lieferung und Zahlung - HELLOCASE","isPartOf":{"@id":"https:\/\/hellocase.eu\/pl\/#website"},"datePublished":"2022-11-10T09:58:12+00:00","dateModified":"2022-11-21T18:03:05+00:00","breadcrumb":{"@id":"https:\/\/hellocase.eu\/de\/lieferung-und-zahlung\/#breadcrumb"},"inLanguage":"de-DE","potentialAction":[{"@type":"ReadAction","target":["https:\/\/hellocase.eu\/de\/lieferung-und-zahlung\/"]}]},{"@type":"BreadcrumbList","@id":"https:\/\/hellocase.eu\/de\/lieferung-und-zahlung\/#breadcrumb","itemListElement":[{"@type":"ListItem","position":1,"name":"Strona g\u0142\u00f3wna","item":"https:\/\/hellocase.eu\/de\/"},{"@type":"ListItem","position":2,"name":"Lieferung und Zahlung"}]},{"@type":"WebSite","@id":"https:\/\/hellocase.eu\/pl\/#website","url":"https:\/\/hellocase.eu\/pl\/","name":"HELLOCASE","description":"Your mobile partner","potentialAction":[{"@type":"SearchAction","target":{"@type":"EntryPoint","urlTemplate":"https:\/\/hellocase.eu\/pl\/?s={search_term_string}"},"query-input":"required name=search_term_string"}],"inLanguage":"de-DE"}]}},"_links":{"self":[{"href":"https:\/\/hellocase.eu\/de\/wp-json\/wp\/v2\/pages\/106"}],"collection":[{"href":"https:\/\/hellocase.eu\/de\/wp-json\/wp\/v2\/pages"}],"about":[{"href":"https:\/\/hellocase.eu\/de\/wp-json\/wp\/v2\/types\/page"}],"author":[{"embeddable":true,"href":"https:\/\/hellocase.eu\/de\/wp-json\/wp\/v2\/users\/1"}],"replies":[{"embeddable":true,"href":"https:\/\/hellocase.eu\/de\/wp-json\/wp\/v2\/comments?post=106"}],"version-history":[{"count":0,"href":"https:\/\/hellocase.eu\/de\/wp-json\/wp\/v2\/pages\/106\/revisions"}],"wp:featuredmedia":[{"embeddable":true,"href":"https:\/\/hellocase.eu\/de\/wp-json\/wp\/v2\/media\/475"}],"wp:attachment":[{"href":"https:\/\/hellocase.eu\/de\/wp-json\/wp\/v2\/media?parent=106"}],"curies":[{"name":"wp","href":"https:\/\/api.w.org\/{rel}","templated":true}]}}