{"id":104,"date":"2022-11-10T10:55:04","date_gmt":"2022-11-10T09:55:04","guid":{"rendered":"https:\/\/hellocase.eu\/faq\/"},"modified":"2023-03-21T21:46:11","modified_gmt":"2023-03-21T20:46:11","slug":"faq","status":"publish","type":"page","link":"https:\/\/hellocase.eu\/de\/faq\/","title":{"rendered":"FAQ"},"content":{"rendered":"<section class=\"wpb-content-wrapper\"><div  class=\"sec_row container-fluid\"><div class=\"vc_row wpb_row vc_row-fluid no-padding\">        <div class=\"wpb_column vc_column_container vc_col-sm-12 vc_col-lg-offset-1 vc_col-lg-3 et-dark-column\"><div class=\"vc_column-inner\"><div class=\"wpb_wrapper\">            \n\t<div class=\"wpb_text_column wpb_content_element  \" >\n\t\t<div class=\"wpb_wrapper\">\n\t\t\t<br \/>\n<h3>Befehl<\/h3>\n\n\t\t<\/div>\n\t<\/div>\n        <\/div><\/div><\/div>        <div class=\"wpb_column vc_column_container vc_col-sm-12 vc_col-lg-6 et-dark-column\"><div class=\"vc_column-inner\"><div class=\"wpb_wrapper\">            <div class=\"vc_tta-container\" data-vc-action=\"collapse\"><div class=\"vc_general vc_tta vc_tta-accordion vc_tta-o-shape-group vc_tta-controls-align-left\"><div class=\"vc_tta-panels-container\"><div class=\"vc_tta-panels\"><div class=\"vc_tta-panel vc_active\" id=\"wie-lange-dauert-die-auftragserfuellung\" data-vc-content=\".vc_tta-panel-body\"><div class=\"vc_tta-panel-heading\"><h4 class=\"vc_tta-panel-title vc_tta-controls-icon-position-left\"><a href=\"#wie-lange-dauert-die-auftragserfuellung\" data-vc-accordion data-vc-container=\".vc_tta-container\"><span class=\"vc_tta-title-text\">Wie lange dauert die Auftragserf\u00fcllung?<\/span><i class=\"vc_tta-controls-icon vc_tta-controls-icon-plus\"><\/i><\/a><\/h4><\/div><div class=\"vc_tta-panel-body\">                    \n\t<div class=\"wpb_text_column wpb_content_element  \" >\n\t\t<div class=\"wpb_wrapper\">\n\t\t\t<p>Gekaufte und bezahlte Ware wird innerhalb von 24 Stunden versandt. Dies gilt f\u00fcr Werktage und Einzelhandelsbestellungen.<\/p>\n\n\t\t<\/div>\n\t<\/div>\n                <\/div><\/div><div class=\"vc_tta-panel\" id=\"wie-kann-ich-sie-bezueglich-einer-bestellung-kontaktieren\" data-vc-content=\".vc_tta-panel-body\"><div class=\"vc_tta-panel-heading\"><h4 class=\"vc_tta-panel-title vc_tta-controls-icon-position-left\"><a href=\"#wie-kann-ich-sie-bezueglich-einer-bestellung-kontaktieren\" data-vc-accordion data-vc-container=\".vc_tta-container\"><span class=\"vc_tta-title-text\">Wie kann ich Sie bez\u00fcglich einer Bestellung kontaktieren?<\/span><i class=\"vc_tta-controls-icon vc_tta-controls-icon-plus\"><\/i><\/a><\/h4><\/div><div class=\"vc_tta-panel-body\">                    \n\t<div class=\"wpb_text_column wpb_content_element  \" >\n\t\t<div class=\"wpb_wrapper\">\n\t\t\t<p>Auf der Unterseite <a href=\"https:\/\/hellocase.eu\/de\/kontakt\/\" title=\"Kontakt\">Kontakt<\/a> steht ein Kontaktformular zur Verf\u00fcgung. Sie k\u00f6nnen auch eine E-Mail an die Adresse <a href=\"mailto:hello@hellocase.eu\" title=\"hello@hellocase.eu\">hello@hellocase.eu<\/a> schreiben.<\/p>\n\n\t\t<\/div>\n\t<\/div>\n                <\/div><\/div><div class=\"vc_tta-panel\" id=\"muss-ich-beim-kauf-von-waren-ein-konto-im-online-shop-haben\" data-vc-content=\".vc_tta-panel-body\"><div class=\"vc_tta-panel-heading\"><h4 class=\"vc_tta-panel-title vc_tta-controls-icon-position-left\"><a href=\"#muss-ich-beim-kauf-von-waren-ein-konto-im-online-shop-haben\" data-vc-accordion data-vc-container=\".vc_tta-container\"><span class=\"vc_tta-title-text\">Muss ich beim Kauf von Waren ein Konto im Online-Shop haben?<\/span><i class=\"vc_tta-controls-icon vc_tta-controls-icon-plus\"><\/i><\/a><\/h4><\/div><div class=\"vc_tta-panel-body\">                    \n\t<div class=\"wpb_text_column wpb_content_element  \" >\n\t\t<div class=\"wpb_wrapper\">\n\t\t\t<p>Es ist m\u00f6glich, eine Bestellung aufzugeben, ohne sich im Shop zu registrieren, d.h. ohne ein Konto zu erstellen.<\/p>\n\n\t\t<\/div>\n\t<\/div>\n                <\/div><\/div><div class=\"vc_tta-panel\" id=\"ist-ein-kauf-per-nachnahme-moeglich\" data-vc-content=\".vc_tta-panel-body\"><div class=\"vc_tta-panel-heading\"><h4 class=\"vc_tta-panel-title vc_tta-controls-icon-position-left\"><a href=\"#ist-ein-kauf-per-nachnahme-moeglich\" data-vc-accordion data-vc-container=\".vc_tta-container\"><span class=\"vc_tta-title-text\">Ist ein Kauf per Nachnahme m\u00f6glich?<\/span><i class=\"vc_tta-controls-icon vc_tta-controls-icon-plus\"><\/i><\/a><\/h4><\/div><div class=\"vc_tta-panel-body\">                    \n\t<div class=\"wpb_text_column wpb_content_element  \" >\n\t\t<div class=\"wpb_wrapper\">\n\t\t\t<p>Ja, ein Kauf per Nachnahme ist m\u00f6glich. Zu jeder Versandart muss ein Zuschlag von 1 Euro hinzukommen.<\/p>\n\n\t\t<\/div>\n\t<\/div>\n                <\/div><\/div><\/div><\/div><\/div><\/div>        <\/div><\/div><\/div>    <\/div><\/div><div  class=\"sec_row container-fluid\"><div class=\"vc_row wpb_row vc_row-fluid no-padding\">        <div class=\"wpb_column vc_column_container vc_col-sm-12 vc_col-lg-offset-1 vc_col-lg-3 et-dark-column\"><div class=\"vc_column-inner\"><div class=\"wpb_wrapper\">            \n\t<div class=\"wpb_text_column wpb_content_element  \" >\n\t\t<div class=\"wpb_wrapper\">\n\t\t\t<br \/>\n<h3>Lieferung und R\u00fccksendung<\/h3>\n\n\t\t<\/div>\n\t<\/div>\n        <\/div><\/div><\/div>        <div class=\"wpb_column vc_column_container vc_col-sm-12 vc_col-lg-6 et-dark-column\"><div class=\"vc_column-inner\"><div class=\"wpb_wrapper\">            <div class=\"vc_tta-container\" data-vc-action=\"collapse\"><div class=\"vc_general vc_tta vc_tta-accordion vc_tta-o-shape-group vc_tta-controls-align-left\"><div class=\"vc_tta-panels-container\"><div class=\"vc_tta-panels\"><div class=\"vc_tta-panel vc_active\" id=\"ist-die-lieferung-kostenlos\" data-vc-content=\".vc_tta-panel-body\"><div class=\"vc_tta-panel-heading\"><h4 class=\"vc_tta-panel-title vc_tta-controls-icon-position-left\"><a href=\"#ist-die-lieferung-kostenlos\" data-vc-accordion data-vc-container=\".vc_tta-container\"><span class=\"vc_tta-title-text\">Ist die Lieferung kostenlos?<\/span><i class=\"vc_tta-controls-icon vc_tta-controls-icon-plus\"><\/i><\/a><\/h4><\/div><div class=\"vc_tta-panel-body\">                    \n\t<div class=\"wpb_text_column wpb_content_element  \" >\n\t\t<div class=\"wpb_wrapper\">\n\t\t\t<p>Die Lieferung ist ab einem Bestellwert von 50 \u20ac kostenlos. Die Versandkosten finden Sie auf der Unterseite Lieferung und Zahlung.<\/p>\n\n\t\t<\/div>\n\t<\/div>\n                <\/div><\/div><div class=\"vc_tta-panel\" id=\"kann-ich-ein-produkt-zurueckgeben\" data-vc-content=\".vc_tta-panel-body\"><div class=\"vc_tta-panel-heading\"><h4 class=\"vc_tta-panel-title vc_tta-controls-icon-position-left\"><a href=\"#kann-ich-ein-produkt-zurueckgeben\" data-vc-accordion data-vc-container=\".vc_tta-container\"><span class=\"vc_tta-title-text\">Kann ich ein Produkt zur\u00fcckgeben?<\/span><i class=\"vc_tta-controls-icon vc_tta-controls-icon-plus\"><\/i><\/a><\/h4><\/div><div class=\"vc_tta-panel-body\">                    \n\t<div class=\"wpb_text_column wpb_content_element  \" >\n\t\t<div class=\"wpb_wrapper\">\n\t\t\t<p>Die gekaufte Ware kann zur\u00fcckgegeben werden, wenn sie unbesch\u00e4digt ist und keine Gebrauchsspuren aufweist.<\/p>\n\n\t\t<\/div>\n\t<\/div>\n                <\/div><\/div><div class=\"vc_tta-panel\" id=\"wann-kann-ich-waren-zurueckgeben-umtauschen\" data-vc-content=\".vc_tta-panel-body\"><div class=\"vc_tta-panel-heading\"><h4 class=\"vc_tta-panel-title vc_tta-controls-icon-position-left\"><a href=\"#wann-kann-ich-waren-zurueckgeben-umtauschen\" data-vc-accordion data-vc-container=\".vc_tta-container\"><span class=\"vc_tta-title-text\">Wann kann ich Waren zur\u00fcckgeben\/umtauschen?<\/span><i class=\"vc_tta-controls-icon vc_tta-controls-icon-plus\"><\/i><\/a><\/h4><\/div><div class=\"vc_tta-panel-body\">                    \n\t<div class=\"wpb_text_column wpb_content_element  \" >\n\t\t<div class=\"wpb_wrapper\">\n\t\t\t<p>R\u00fcckgabe oder Umtausch sind bis zu 14 Werktage nach Erhalt der Sendung m\u00f6glich.<\/p>\n\n\t\t<\/div>\n\t<\/div>\n                <\/div><\/div><div class=\"vc_tta-panel\" id=\"an-welche-adresse-soll-die-ruecksendung-gesendet-werden\" data-vc-content=\".vc_tta-panel-body\"><div class=\"vc_tta-panel-heading\"><h4 class=\"vc_tta-panel-title vc_tta-controls-icon-position-left\"><a href=\"#an-welche-adresse-soll-die-ruecksendung-gesendet-werden\" data-vc-accordion data-vc-container=\".vc_tta-container\"><span class=\"vc_tta-title-text\">An welche Adresse soll die R\u00fccksendung gesendet werden?<\/span><i class=\"vc_tta-controls-icon vc_tta-controls-icon-plus\"><\/i><\/a><\/h4><\/div><div class=\"vc_tta-panel-body\">                    \n\t<div class=\"wpb_text_column wpb_content_element  \" >\n\t\t<div class=\"wpb_wrapper\">\n\t\t\t<p>Bitte senden Sie die R\u00fccksendung an: SELATO c\/o ZAK,<br \/>\r\nRauschwalderstr. 41,<br \/>\r\n02826 G\u00f6rlitz,<br \/>\r\nDeutschland.<\/p>\n\n\t\t<\/div>\n\t<\/div>\n                <\/div><\/div><div class=\"vc_tta-panel\" id=\"wann-erhalte-ich-meine-rueckerstattung\" data-vc-content=\".vc_tta-panel-body\"><div class=\"vc_tta-panel-heading\"><h4 class=\"vc_tta-panel-title vc_tta-controls-icon-position-left\"><a href=\"#wann-erhalte-ich-meine-rueckerstattung\" data-vc-accordion data-vc-container=\".vc_tta-container\"><span class=\"vc_tta-title-text\">Wann erhalte ich meine R\u00fcckerstattung?<\/span><i class=\"vc_tta-controls-icon vc_tta-controls-icon-plus\"><\/i><\/a><\/h4><\/div><div class=\"vc_tta-panel-body\">                    \n\t<div class=\"wpb_text_column wpb_content_element  \" >\n\t\t<div class=\"wpb_wrapper\">\n\t\t\t<p>Das Geld aus der R\u00fcckerstattung wird innerhalb von 7 Werktagen an die angegebene Bankkontonummer gesendet.<\/p>\n\n\t\t<\/div>\n\t<\/div>\n                <\/div><\/div><\/div><\/div><\/div><\/div>        <\/div><\/div><\/div>    <\/div><\/div><div  class=\"sec_row container-fluid\"><div class=\"vc_row wpb_row vc_row-fluid no-padding vc_custom_1588132282993 vc_row-has-fill\">    <div class=\"wpb_column vc_column_container vc_col-sm-12 et-dark-column\"><div class=\"vc_column-inner\"><div class=\"wpb_wrapper\">        <div class=\"vc_row wpb_row vc_inner vc_row-fluid max_width vc_row-o-content-middle vc_row-flex\">            <div class=\"wpb_column vc_column_container vc_col-sm-12 vc_col-lg-offset-1 vc_col-lg-6 et-dark-column\"><div class=\"vc_column-inner\"><div class=\"wpb_wrapper\">                \n\t<div class=\"wpb_text_column wpb_content_element  \" >\n\t\t<div class=\"wpb_wrapper\">\n\t\t\t<br \/>\n<h2>Haben Sie noch Fragen?<\/h2>\n\n\t\t<\/div>\n\t<\/div>\n            <\/div><\/div><\/div>            <div class=\"wpb_column vc_column_container vc_col-sm-12 vc_col-lg-3 et-dark-column\"><div class=\"vc_column-inner\"><div class=\"wpb_wrapper\">                                \t\t<div id=\"et-button-69d76f5c4ff2a\" class=\"et_btn_align_center animation bottom-to-top\">\n\t\t\t<a href=\"https:\/\/hellocase.eu\/pl\/kontakt\/\" class=\" et_btn button et_btn_md solid color-custom button-shadow arrow-enabled \"  role=\"button\" title=\"Schreiben Sie uns\" ><span>Schreiben Sie uns<\/span><svg xmlns=\"http:\/\/www.w3.org\/2000\/svg\" xmlns:xlink=\"http:\/\/www.w3.org\/1999\/xlink\" x=\"0px\" y=\"0px\"\r\n\t width=\"30px\" height=\"18px\" viewBox=\"0 0 30 18\" enable-background=\"new 0 0 30 18\" xml:space=\"preserve\">\r\n<path class=\"handle\" d=\"M20.305,16.212c-0.407,0.409-0.407,1.071,0,1.479s1.068,0.408,1.476,0l7.914-7.952c0.408-0.409,0.408-1.071,0-1.481\r\n\tl-7.914-7.952c-0.407-0.409-1.068-0.409-1.476,0s-0.407,1.071,0,1.48l7.185,7.221L20.305,16.212z\"\/>\r\n<path class=\"bar\" fill-rule=\"evenodd\" clip-rule=\"evenodd\" d=\"M1,8h28.001c0.551,0,1,0.448,1,1c0,0.553-0.449,1-1,1H1c-0.553,0-1-0.447-1-1\r\n\tC0,8.448,0.447,8,1,8z\"\/>\r\n<\/svg>\r\n<\/a>\n\t\t<\/div>\n\t\t\n\t            <\/div><\/div><\/div>        <\/div>    <\/div><\/div><\/div><\/div><\/div>\n<style>.fancy-title{color: #8c397b !important;}<\/style>\n<style type=\"text\/css\" data-type=\"vc_shortcodes-custom-css\">.vc_custom_1588132282993{padding-top: 80px !important;padding-bottom: 80px !important;background-color: #f8f8f8 !important;}<\/style>\n<\/section>","protected":false},"excerpt":{"rendered":"<p>Befehl Wie lange dauert die Auftragserf\u00fcllung? Gekaufte und bezahlte Ware wird innerhalb von 24 Stunden versandt. Dies gilt f\u00fcr Werktage und Einzelhandelsbestellungen. Wie kann ich Sie bez\u00fcglich einer Bestellung kontaktieren? Auf der Unterseite Kontakt steht ein Kontaktformular zur Verf\u00fcgung. Sie k\u00f6nnen auch eine E-Mail an die Adresse hello@hellocase.eu schreiben. Muss&hellip;<\/p>\n","protected":false},"author":1,"featured_media":0,"parent":0,"menu_order":0,"comment_status":"closed","ping_status":"closed","template":"","meta":[],"acf":[],"yoast_head":"<!-- This site is optimized with the Yoast SEO plugin v20.4 - https:\/\/yoast.com\/wordpress\/plugins\/seo\/ -->\n<title>FAQ - HELLOCASE<\/title>\n<meta name=\"robots\" content=\"index, follow, max-snippet:-1, max-image-preview:large, max-video-preview:-1\" \/>\n<link rel=\"canonical\" href=\"https:\/\/hellocase.eu\/de\/faq\/\" \/>\n<meta property=\"og:locale\" content=\"de_DE\" \/>\n<meta property=\"og:type\" content=\"article\" \/>\n<meta property=\"og:title\" content=\"FAQ - HELLOCASE\" \/>\n<meta property=\"og:description\" content=\"Befehl Wie lange dauert die Auftragserf\u00fcllung? Gekaufte und bezahlte Ware wird innerhalb von 24 Stunden versandt. Dies gilt f\u00fcr Werktage und Einzelhandelsbestellungen. Wie kann ich Sie bez\u00fcglich einer Bestellung kontaktieren? Auf der Unterseite Kontakt steht ein Kontaktformular zur Verf\u00fcgung. Sie k\u00f6nnen auch eine E-Mail an die Adresse hello@hellocase.eu schreiben. Muss&hellip;\" \/>\n<meta property=\"og:url\" content=\"https:\/\/hellocase.eu\/de\/faq\/\" \/>\n<meta property=\"og:site_name\" content=\"HELLOCASE\" \/>\n<meta property=\"article:modified_time\" content=\"2023-03-21T20:46:11+00:00\" \/>\n<meta name=\"twitter:card\" content=\"summary_large_image\" \/>\n<script type=\"application\/ld+json\" class=\"yoast-schema-graph\">{\"@context\":\"https:\/\/schema.org\",\"@graph\":[{\"@type\":\"WebPage\",\"@id\":\"https:\/\/hellocase.eu\/de\/faq\/\",\"url\":\"https:\/\/hellocase.eu\/de\/faq\/\",\"name\":\"FAQ - HELLOCASE\",\"isPartOf\":{\"@id\":\"https:\/\/hellocase.eu\/pl\/#website\"},\"datePublished\":\"2022-11-10T09:55:04+00:00\",\"dateModified\":\"2023-03-21T20:46:11+00:00\",\"breadcrumb\":{\"@id\":\"https:\/\/hellocase.eu\/de\/faq\/#breadcrumb\"},\"inLanguage\":\"de-DE\",\"potentialAction\":[{\"@type\":\"ReadAction\",\"target\":[\"https:\/\/hellocase.eu\/de\/faq\/\"]}]},{\"@type\":\"BreadcrumbList\",\"@id\":\"https:\/\/hellocase.eu\/de\/faq\/#breadcrumb\",\"itemListElement\":[{\"@type\":\"ListItem\",\"position\":1,\"name\":\"Strona g\u0142\u00f3wna\",\"item\":\"https:\/\/hellocase.eu\/de\/\"},{\"@type\":\"ListItem\",\"position\":2,\"name\":\"FAQ\"}]},{\"@type\":\"WebSite\",\"@id\":\"https:\/\/hellocase.eu\/pl\/#website\",\"url\":\"https:\/\/hellocase.eu\/pl\/\",\"name\":\"HELLOCASE\",\"description\":\"Your mobile partner\",\"potentialAction\":[{\"@type\":\"SearchAction\",\"target\":{\"@type\":\"EntryPoint\",\"urlTemplate\":\"https:\/\/hellocase.eu\/pl\/?s={search_term_string}\"},\"query-input\":\"required name=search_term_string\"}],\"inLanguage\":\"de-DE\"}]}<\/script>\n<!-- \/ Yoast SEO plugin. -->","yoast_head_json":{"title":"FAQ - HELLOCASE","robots":{"index":"index","follow":"follow","max-snippet":"max-snippet:-1","max-image-preview":"max-image-preview:large","max-video-preview":"max-video-preview:-1"},"canonical":"https:\/\/hellocase.eu\/de\/faq\/","og_locale":"de_DE","og_type":"article","og_title":"FAQ - HELLOCASE","og_description":"Befehl Wie lange dauert die Auftragserf\u00fcllung? Gekaufte und bezahlte Ware wird innerhalb von 24 Stunden versandt. Dies gilt f\u00fcr Werktage und Einzelhandelsbestellungen. Wie kann ich Sie bez\u00fcglich einer Bestellung kontaktieren? Auf der Unterseite Kontakt steht ein Kontaktformular zur Verf\u00fcgung. Sie k\u00f6nnen auch eine E-Mail an die Adresse hello@hellocase.eu schreiben. Muss&hellip;","og_url":"https:\/\/hellocase.eu\/de\/faq\/","og_site_name":"HELLOCASE","article_modified_time":"2023-03-21T20:46:11+00:00","twitter_card":"summary_large_image","schema":{"@context":"https:\/\/schema.org","@graph":[{"@type":"WebPage","@id":"https:\/\/hellocase.eu\/de\/faq\/","url":"https:\/\/hellocase.eu\/de\/faq\/","name":"FAQ - HELLOCASE","isPartOf":{"@id":"https:\/\/hellocase.eu\/pl\/#website"},"datePublished":"2022-11-10T09:55:04+00:00","dateModified":"2023-03-21T20:46:11+00:00","breadcrumb":{"@id":"https:\/\/hellocase.eu\/de\/faq\/#breadcrumb"},"inLanguage":"de-DE","potentialAction":[{"@type":"ReadAction","target":["https:\/\/hellocase.eu\/de\/faq\/"]}]},{"@type":"BreadcrumbList","@id":"https:\/\/hellocase.eu\/de\/faq\/#breadcrumb","itemListElement":[{"@type":"ListItem","position":1,"name":"Strona g\u0142\u00f3wna","item":"https:\/\/hellocase.eu\/de\/"},{"@type":"ListItem","position":2,"name":"FAQ"}]},{"@type":"WebSite","@id":"https:\/\/hellocase.eu\/pl\/#website","url":"https:\/\/hellocase.eu\/pl\/","name":"HELLOCASE","description":"Your mobile partner","potentialAction":[{"@type":"SearchAction","target":{"@type":"EntryPoint","urlTemplate":"https:\/\/hellocase.eu\/pl\/?s={search_term_string}"},"query-input":"required name=search_term_string"}],"inLanguage":"de-DE"}]}},"_links":{"self":[{"href":"https:\/\/hellocase.eu\/de\/wp-json\/wp\/v2\/pages\/104"}],"collection":[{"href":"https:\/\/hellocase.eu\/de\/wp-json\/wp\/v2\/pages"}],"about":[{"href":"https:\/\/hellocase.eu\/de\/wp-json\/wp\/v2\/types\/page"}],"author":[{"embeddable":true,"href":"https:\/\/hellocase.eu\/de\/wp-json\/wp\/v2\/users\/1"}],"replies":[{"embeddable":true,"href":"https:\/\/hellocase.eu\/de\/wp-json\/wp\/v2\/comments?post=104"}],"version-history":[{"count":0,"href":"https:\/\/hellocase.eu\/de\/wp-json\/wp\/v2\/pages\/104\/revisions"}],"wp:attachment":[{"href":"https:\/\/hellocase.eu\/de\/wp-json\/wp\/v2\/media?parent=104"}],"curies":[{"name":"wp","href":"https:\/\/api.w.org\/{rel}","templated":true}]}}