{"id":102,"date":"2022-11-10T11:03:23","date_gmt":"2022-11-10T10:03:23","guid":{"rendered":"https:\/\/hellocase.eu\/strona-glowna\/"},"modified":"2022-11-15T06:51:34","modified_gmt":"2022-11-15T05:51:34","slug":"strona-glowna","status":"publish","type":"page","link":"https:\/\/hellocase.eu\/de\/","title":{"rendered":"Strona g\u0142\u00f3wna"},"content":{"rendered":"<section class=\"wpb-content-wrapper\">[vc_row et_full_width=&#8220;true&#8220; et_row_padding=&#8220;true&#8220; et_column_align=&#8220;align-center&#8220; full_height=&#8220;yes&#8220; columns_placement=&#8220;top&#8220; equal_height=&#8220;yes&#8220; el_id=&#8220;home-main-slider&#8220;]   [vc_column offset=&#8220;vc_hidden-sm vc_hidden-xs&#8220;]      <div id=\"et-banner-slider-69d76f5c11be6\" class=\"et-banner-slider slick slick-slider slick-controls-gray slick-dots-disabled\" data-navigation=\"true\" data-fade=\"true\" data-infinite=\"true\"  data-columns=\"1\" >      \r\n\t\t<div class=\"et-banner-69d76f5c11c52 et-banner content-full  image-type-css vh-height text-color-dark hover-effect hover-zoom fullShield_bg\"><div class=\"et-banner-image\" role=\"img\" aria-label=\"FullShield_slider\" data-image=\"https:\/\/cdn.sela.to\/uploads\/2022\/11\/FullShield_slider.png\" style=\"background-image: url(https:\/\/cdn.sela.to\/uploads\/2022\/11\/FullShield_slider.png);\"><\/div>\r\n\t\t\t<div class=\"et-banner-content\">\r\n\t\t\t\t<div class=\"et-banner-content-inner container\">\r\n\t\t\t\t\t<div class=\"et-banner-text h_right v_center align_right\">\r\n\t\t\t\t\t\t<div class=\"et-banner-text-inner animated\" data-animate=\"et-fadeInRight\"><h4 class=\"et-banner-subtitle  color- tag_style\">GEH\u00e4RTETES GLAS<\/h4><h2 class=\"et-banner-title color- xxlarge\">HELLOCASE<br \/>FullShield<\/h2><div class=\"et-banner-paragraph\">Vollst\u00e4ndiger Bildschirmschutz f\u00fcr Ihr Smartphone<\/div><a href=\"https:\/\/hellocase.eu\/de\/series\/fullshield\/\" class=\"et-banner-link button et_btn link color- \">KAUFE JETZT<\/a><\/div>\r\n\t\t\t\t\t<\/div>\r\n\t\t\t\t<\/div>\r\n\t\t\t<\/div>\r\n\t\t<\/div>\r\n\t\t<div class=\"et-banner-69d76f5c11ebf et-banner content-full  image-type-css vh-height text-color-dark hover-effect hover-zoom flexyShield_bg\"><div class=\"et-banner-image\" role=\"img\" aria-label=\"FlexyShield_slider\" data-image=\"https:\/\/cdn.sela.to\/uploads\/2022\/11\/FlexyShield_slider.png\" style=\"background-image: url(https:\/\/cdn.sela.to\/uploads\/2022\/11\/FlexyShield_slider.png);\"><\/div>\r\n\t\t\t<div class=\"et-banner-content\">\r\n\t\t\t\t<div class=\"et-banner-content-inner container\">\r\n\t\t\t\t\t<div class=\"et-banner-text h_right v_center align_right\">\r\n\t\t\t\t\t\t<div class=\"et-banner-text-inner animated\" data-animate=\"et-fadeInRight\"><h4 class=\"et-banner-subtitle  color- tag_style\">SCHUTZFOLIEN<\/h4><h2 class=\"et-banner-title color- xxlarge\">HELLOCASE<br \/>FlexyShield<\/h2><div class=\"et-banner-paragraph\">Flexibler Schutzfilm<\/div><a href=\"https:\/\/hellocase.eu\/de\/series\/flexyshield\/\" class=\"et-banner-link button et_btn link color- \">KAUFE JETZT<\/a><\/div>\r\n\t\t\t\t\t<\/div>\r\n\t\t\t\t<\/div>\r\n\t\t\t<\/div>\r\n\t\t<\/div>\r\n\t\t<div class=\"et-banner-69d76f5c120cf et-banner content-full  image-type-css vh-height text-color-dark hover-effect hover-zoom classicShield_bg\"><div class=\"et-banner-image\" role=\"img\" aria-label=\"ClassicShield_slider\" data-image=\"https:\/\/cdn.sela.to\/uploads\/2022\/11\/ClassicShield_slider.png\" style=\"background-image: url(https:\/\/cdn.sela.to\/uploads\/2022\/11\/ClassicShield_slider.png);\"><\/div>\r\n\t\t\t<div class=\"et-banner-content\">\r\n\t\t\t\t<div class=\"et-banner-content-inner container\">\r\n\t\t\t\t\t<div class=\"et-banner-text h_right v_center align_right\">\r\n\t\t\t\t\t\t<div class=\"et-banner-text-inner animated\" data-animate=\"et-fadeInRight\"><h4 class=\"et-banner-subtitle  color- tag_style\">GEH\u00e4RTETES GLAS<\/h4><h2 class=\"et-banner-title color- xxlarge\">HELLOCASE<br \/>ClassicShield<\/h2><div class=\"et-banner-paragraph\">Grundlegender Bildschirmschutz<\/div><a href=\"https:\/\/hellocase.eu\/de\/series\/classicshield\/\" class=\"et-banner-link button et_btn link color- \">KAUFE JETZT<\/a><\/div>\r\n\t\t\t\t\t<\/div>\r\n\t\t\t\t<\/div>\r\n\t\t\t<\/div>\r\n\t\t<\/div>\r\n\t\t<div class=\"et-banner-69d76f5c122d7 et-banner content-full  image-type-css vh-height text-color-dark hover-effect hover-zoom premiumShield_bg\"><div class=\"et-banner-image\" role=\"img\" aria-label=\"PremiumShield_slider\" data-image=\"https:\/\/cdn.sela.to\/uploads\/2022\/11\/PremiumShield_slider.png\" style=\"background-image: url(https:\/\/cdn.sela.to\/uploads\/2022\/11\/PremiumShield_slider.png);\"><\/div>\r\n\t\t\t<div class=\"et-banner-content\">\r\n\t\t\t\t<div class=\"et-banner-content-inner container\">\r\n\t\t\t\t\t<div class=\"et-banner-text h_right v_center align_right\">\r\n\t\t\t\t\t\t<div class=\"et-banner-text-inner animated\" data-animate=\"et-fadeInRight\"><h4 class=\"et-banner-subtitle  color- tag_style\">GEH\u00e4RTETES GLAS<\/h4><h2 class=\"et-banner-title color- xxlarge\">HELLOCASE<br \/>PremiumShield<\/h2><div class=\"et-banner-paragraph\">Erstklassiger Schutz f\u00fcr Ihren Smartphone-Bildschirm!<\/div><a href=\"https:\/\/hellocase.eu\/de\/series\/premiumshield\/\" class=\"et-banner-link button et_btn link color- \">KAUFE JETZT<\/a><\/div>\r\n\t\t\t\t\t<\/div>\r\n\t\t\t\t<\/div>\r\n\t\t\t<\/div>\r\n\t\t<\/div>      <\/div>   [\/vc_column]   [vc_column offset=&#8220;vc_hidden-lg vc_hidden-md vc_col-xs-12&#8243;]      <div id=\"et-banner-slider-69d76f5c124d3\" class=\"et-banner-slider slick slick-slider slick-controls-gray slick-dots-disabled\" data-adaptive-height=\"true\" data-navigation=\"true\" data-fade=\"true\" data-infinite=\"true\"  data-columns=\"1\" >      \r\n\t\t<div class=\"et-banner-69d76f5c12501 et-banner content-full  image-type-css vh-height text-color-dark hover-effect hover-zoom fullShield_bg\"><div class=\"et-banner-image\" role=\"img\" aria-label=\"HELLOCASE FullShield &#8211; mobile\" data-image=\"https:\/\/cdn.sela.to\/uploads\/2022\/11\/HELLOCASE-FullShield-mobile-2.png\" style=\"background-image: url(https:\/\/cdn.sela.to\/uploads\/2022\/11\/HELLOCASE-FullShield-mobile-2.png);\"><\/div>\r\n\t\t\t<div class=\"et-banner-content\">\r\n\t\t\t\t<div class=\"et-banner-content-inner container\">\r\n\t\t\t\t\t<div class=\"et-banner-text h_center v_bottom align_center\">\r\n\t\t\t\t\t\t<div class=\"et-banner-text-inner animated\" data-animate=\"et-fadeInRight\"><h2 class=\"et-banner-title color- xxlarge\">HELLOCASE FullShield<\/h2><div class=\"et-banner-paragraph\">Vollst\u00e4ndiger Bildschirmschutz f\u00fcr Ihr Smartphone<\/div><a href=\"https:\/\/hellocase.eu\/de\/series\/fullshield\/\" class=\"et-banner-link button et_btn link color- \">KAUFE JETZT<\/a><\/div>\r\n\t\t\t\t\t<\/div>\r\n\t\t\t\t<\/div>\r\n\t\t\t<\/div>\r\n\t\t<\/div>\r\n\t\t<div class=\"et-banner-69d76f5c12718 et-banner content-full  image-type-css vh-height text-color-dark hover-effect hover-zoom flexyShield_bg\"><div class=\"et-banner-image\" role=\"img\" aria-label=\"HELLOCASE FlexyShield &#8211; mobile\" data-image=\"https:\/\/cdn.sela.to\/uploads\/2022\/11\/HELLOCASE-FlexyShield-mobile.png\" style=\"background-image: url(https:\/\/cdn.sela.to\/uploads\/2022\/11\/HELLOCASE-FlexyShield-mobile.png);\"><\/div>\r\n\t\t\t<div class=\"et-banner-content\">\r\n\t\t\t\t<div class=\"et-banner-content-inner container\">\r\n\t\t\t\t\t<div class=\"et-banner-text h_center v_bottom align_center\">\r\n\t\t\t\t\t\t<div class=\"et-banner-text-inner animated\" data-animate=\"et-fadeInRight\"><h2 class=\"et-banner-title color- xxlarge\">HELLOCASE FlexyShield<\/h2><div class=\"et-banner-paragraph\">Flexibler Schutzfilm<\/div><a href=\"https:\/\/hellocase.eu\/de\/series\/flexyshield\/\" class=\"et-banner-link button et_btn link color- \">KAUFE JETZT<\/a><\/div>\r\n\t\t\t\t\t<\/div>\r\n\t\t\t\t<\/div>\r\n\t\t\t<\/div>\r\n\t\t<\/div>\r\n\t\t<div class=\"et-banner-69d76f5c12912 et-banner content-full  image-type-css vh-height text-color-dark hover-effect hover-zoom classicShield_bg\"><div class=\"et-banner-image\" role=\"img\" aria-label=\"HELLOCASE ClassicShield &#8211; mobile\" data-image=\"https:\/\/cdn.sela.to\/uploads\/2022\/11\/HELLOCASE-ClassicShield-mobile.png\" style=\"background-image: url(https:\/\/cdn.sela.to\/uploads\/2022\/11\/HELLOCASE-ClassicShield-mobile.png);\"><\/div>\r\n\t\t\t<div class=\"et-banner-content\">\r\n\t\t\t\t<div class=\"et-banner-content-inner container\">\r\n\t\t\t\t\t<div class=\"et-banner-text h_center v_bottom align_center\">\r\n\t\t\t\t\t\t<div class=\"et-banner-text-inner animated\" data-animate=\"et-fadeInRight\"><h2 class=\"et-banner-title color- xxlarge\">HELLOCASE ClassicShield<\/h2><div class=\"et-banner-paragraph\">Grundlegender Bildschirmschutz<\/div><a href=\"https:\/\/hellocase.eu\/de\/series\/classicshield\/\" class=\"et-banner-link button et_btn link color- \">KAUFE JETZT<\/a><\/div>\r\n\t\t\t\t\t<\/div>\r\n\t\t\t\t<\/div>\r\n\t\t\t<\/div>\r\n\t\t<\/div>\r\n\t\t<div class=\"et-banner-69d76f5c12b0e et-banner content-full  image-type-css vh-height text-color-dark hover-effect hover-zoom premiumShield_bg\"><div class=\"et-banner-image\" role=\"img\" aria-label=\"HELLOCASE PremiumShield &#8211; mobile\" data-image=\"https:\/\/cdn.sela.to\/uploads\/2022\/11\/HELLOCASE-PremiumShield-mobile.png\" style=\"background-image: url(https:\/\/cdn.sela.to\/uploads\/2022\/11\/HELLOCASE-PremiumShield-mobile.png);\"><\/div>\r\n\t\t\t<div class=\"et-banner-content\">\r\n\t\t\t\t<div class=\"et-banner-content-inner container\">\r\n\t\t\t\t\t<div class=\"et-banner-text h_center v_bottom align_center\">\r\n\t\t\t\t\t\t<div class=\"et-banner-text-inner animated\" data-animate=\"et-fadeInRight\"><h2 class=\"et-banner-title color- xxlarge\">HELLOCASE PremiumShield<\/h2><div class=\"et-banner-paragraph\">Erstklassiger Schutz f\u00fcr Ihren Smartphone-Bildschirm!<\/div><a href=\"https:\/\/hellocase.eu\/de\/series\/premiumshield\/\" class=\"et-banner-link button et_btn link color- \">KAUFE JETZT<\/a><\/div>\r\n\t\t\t\t\t<\/div>\r\n\t\t\t\t<\/div>\r\n\t\t\t<\/div>\r\n\t\t<\/div>      <\/div>   [\/vc_column][\/vc_row]\n<style type=\"text\/css\" data-type=\"vc_shortcodes-custom-css\"><\/style>\n<\/section>","protected":false},"excerpt":{"rendered":"<p>[vc_row et_full_width=&#8220;true&#8220; et_row_padding=&#8220;true&#8220; et_column_align=&#8220;align-center&#8220; full_height=&#8220;yes&#8220; columns_placement=&#8220;top&#8220; equal_height=&#8220;yes&#8220; el_id=&#8220;home-main-slider&#8220;] [vc_column offset=&#8220;vc_hidden-sm vc_hidden-xs&#8220;] GEH\u00e4RTETES GLASHELLOCASEFullShieldVollst\u00e4ndiger Bildschirmschutz f\u00fcr Ihr SmartphoneKAUFE JETZT SCHUTZFOLIENHELLOCASEFlexyShieldFlexibler SchutzfilmKAUFE JETZT GEH\u00e4RTETES GLASHELLOCASEClassicShieldGrundlegender BildschirmschutzKAUFE JETZT GEH\u00e4RTETES GLASHELLOCASEPremiumShieldErstklassiger Schutz f\u00fcr Ihren Smartphone-Bildschirm!KAUFE JETZT [\/vc_column] [vc_column offset=&#8220;vc_hidden-lg vc_hidden-md vc_col-xs-12&#8243;] HELLOCASE FullShieldVollst\u00e4ndiger Bildschirmschutz f\u00fcr Ihr SmartphoneKAUFE JETZT HELLOCASE FlexyShieldFlexibler SchutzfilmKAUFE JETZT HELLOCASE ClassicShieldGrundlegender&hellip;<\/p>\n","protected":false},"author":1,"featured_media":0,"parent":0,"menu_order":0,"comment_status":"closed","ping_status":"closed","template":"","meta":[],"acf":[],"yoast_head":"<!-- This site is optimized with the Yoast SEO plugin v20.4 - https:\/\/yoast.com\/wordpress\/plugins\/seo\/ -->\n<title>Strona g\u0142\u00f3wna - HELLOCASE<\/title>\n<meta name=\"robots\" content=\"index, follow, max-snippet:-1, max-image-preview:large, max-video-preview:-1\" \/>\n<link rel=\"canonical\" href=\"https:\/\/hellocase.eu\/de\/\" \/>\n<meta property=\"og:locale\" content=\"de_DE\" \/>\n<meta property=\"og:type\" content=\"article\" \/>\n<meta property=\"og:title\" content=\"Strona g\u0142\u00f3wna - HELLOCASE\" \/>\n<meta property=\"og:description\" content=\"[vc_row et_full_width=&#8220;true&#8220; et_row_padding=&#8220;true&#8220; et_column_align=&#8220;align-center&#8220; full_height=&#8220;yes&#8220; columns_placement=&#8220;top&#8220; equal_height=&#8220;yes&#8220; el_id=&#8220;home-main-slider&#8220;] [vc_column offset=&#8220;vc_hidden-sm vc_hidden-xs&#8220;] GEH\u00e4RTETES GLASHELLOCASEFullShieldVollst\u00e4ndiger Bildschirmschutz f\u00fcr Ihr SmartphoneKAUFE JETZT SCHUTZFOLIENHELLOCASEFlexyShieldFlexibler SchutzfilmKAUFE JETZT GEH\u00e4RTETES GLASHELLOCASEClassicShieldGrundlegender BildschirmschutzKAUFE JETZT GEH\u00e4RTETES GLASHELLOCASEPremiumShieldErstklassiger Schutz f\u00fcr Ihren Smartphone-Bildschirm!KAUFE JETZT [\/vc_column] [vc_column offset=&#8220;vc_hidden-lg vc_hidden-md vc_col-xs-12&#8243;] HELLOCASE FullShieldVollst\u00e4ndiger Bildschirmschutz f\u00fcr Ihr SmartphoneKAUFE JETZT HELLOCASE FlexyShieldFlexibler SchutzfilmKAUFE JETZT HELLOCASE ClassicShieldGrundlegender&hellip;\" \/>\n<meta property=\"og:url\" content=\"https:\/\/hellocase.eu\/de\/\" \/>\n<meta property=\"og:site_name\" content=\"HELLOCASE\" \/>\n<meta property=\"article:modified_time\" content=\"2022-11-15T05:51:34+00:00\" \/>\n<meta name=\"twitter:card\" content=\"summary_large_image\" \/>\n<meta name=\"twitter:label1\" content=\"Gesch\u00e4tzte Lesezeit\" \/>\n\t<meta name=\"twitter:data1\" content=\"3 Minuten\" \/>\n<script type=\"application\/ld+json\" class=\"yoast-schema-graph\">{\"@context\":\"https:\/\/schema.org\",\"@graph\":[{\"@type\":\"WebPage\",\"@id\":\"https:\/\/hellocase.eu\/de\/\",\"url\":\"https:\/\/hellocase.eu\/de\/\",\"name\":\"Strona g\u0142\u00f3wna - HELLOCASE\",\"isPartOf\":{\"@id\":\"https:\/\/hellocase.eu\/pl\/#website\"},\"datePublished\":\"2022-11-10T10:03:23+00:00\",\"dateModified\":\"2022-11-15T05:51:34+00:00\",\"breadcrumb\":{\"@id\":\"https:\/\/hellocase.eu\/de\/#breadcrumb\"},\"inLanguage\":\"de-DE\",\"potentialAction\":[{\"@type\":\"ReadAction\",\"target\":[\"https:\/\/hellocase.eu\/de\/\"]}]},{\"@type\":\"BreadcrumbList\",\"@id\":\"https:\/\/hellocase.eu\/de\/#breadcrumb\",\"itemListElement\":[{\"@type\":\"ListItem\",\"position\":1,\"name\":\"Strona g\u0142\u00f3wna\",\"item\":\"https:\/\/hellocase.eu\/de\/\"},{\"@type\":\"ListItem\",\"position\":2,\"name\":\"Strona g\u0142\u00f3wna\"}]},{\"@type\":\"WebSite\",\"@id\":\"https:\/\/hellocase.eu\/pl\/#website\",\"url\":\"https:\/\/hellocase.eu\/pl\/\",\"name\":\"HELLOCASE\",\"description\":\"Your mobile partner\",\"potentialAction\":[{\"@type\":\"SearchAction\",\"target\":{\"@type\":\"EntryPoint\",\"urlTemplate\":\"https:\/\/hellocase.eu\/pl\/?s={search_term_string}\"},\"query-input\":\"required name=search_term_string\"}],\"inLanguage\":\"de-DE\"}]}<\/script>\n<!-- \/ Yoast SEO plugin. -->","yoast_head_json":{"title":"Strona g\u0142\u00f3wna - HELLOCASE","robots":{"index":"index","follow":"follow","max-snippet":"max-snippet:-1","max-image-preview":"max-image-preview:large","max-video-preview":"max-video-preview:-1"},"canonical":"https:\/\/hellocase.eu\/de\/","og_locale":"de_DE","og_type":"article","og_title":"Strona g\u0142\u00f3wna - HELLOCASE","og_description":"[vc_row et_full_width=&#8220;true&#8220; et_row_padding=&#8220;true&#8220; et_column_align=&#8220;align-center&#8220; full_height=&#8220;yes&#8220; columns_placement=&#8220;top&#8220; equal_height=&#8220;yes&#8220; el_id=&#8220;home-main-slider&#8220;] [vc_column offset=&#8220;vc_hidden-sm vc_hidden-xs&#8220;] GEH\u00e4RTETES GLASHELLOCASEFullShieldVollst\u00e4ndiger Bildschirmschutz f\u00fcr Ihr SmartphoneKAUFE JETZT SCHUTZFOLIENHELLOCASEFlexyShieldFlexibler SchutzfilmKAUFE JETZT GEH\u00e4RTETES GLASHELLOCASEClassicShieldGrundlegender BildschirmschutzKAUFE JETZT GEH\u00e4RTETES GLASHELLOCASEPremiumShieldErstklassiger Schutz f\u00fcr Ihren Smartphone-Bildschirm!KAUFE JETZT [\/vc_column] [vc_column offset=&#8220;vc_hidden-lg vc_hidden-md vc_col-xs-12&#8243;] HELLOCASE FullShieldVollst\u00e4ndiger Bildschirmschutz f\u00fcr Ihr SmartphoneKAUFE JETZT HELLOCASE FlexyShieldFlexibler SchutzfilmKAUFE JETZT HELLOCASE ClassicShieldGrundlegender&hellip;","og_url":"https:\/\/hellocase.eu\/de\/","og_site_name":"HELLOCASE","article_modified_time":"2022-11-15T05:51:34+00:00","twitter_card":"summary_large_image","twitter_misc":{"Gesch\u00e4tzte Lesezeit":"3 Minuten"},"schema":{"@context":"https:\/\/schema.org","@graph":[{"@type":"WebPage","@id":"https:\/\/hellocase.eu\/de\/","url":"https:\/\/hellocase.eu\/de\/","name":"Strona g\u0142\u00f3wna - HELLOCASE","isPartOf":{"@id":"https:\/\/hellocase.eu\/pl\/#website"},"datePublished":"2022-11-10T10:03:23+00:00","dateModified":"2022-11-15T05:51:34+00:00","breadcrumb":{"@id":"https:\/\/hellocase.eu\/de\/#breadcrumb"},"inLanguage":"de-DE","potentialAction":[{"@type":"ReadAction","target":["https:\/\/hellocase.eu\/de\/"]}]},{"@type":"BreadcrumbList","@id":"https:\/\/hellocase.eu\/de\/#breadcrumb","itemListElement":[{"@type":"ListItem","position":1,"name":"Strona g\u0142\u00f3wna","item":"https:\/\/hellocase.eu\/de\/"},{"@type":"ListItem","position":2,"name":"Strona g\u0142\u00f3wna"}]},{"@type":"WebSite","@id":"https:\/\/hellocase.eu\/pl\/#website","url":"https:\/\/hellocase.eu\/pl\/","name":"HELLOCASE","description":"Your mobile partner","potentialAction":[{"@type":"SearchAction","target":{"@type":"EntryPoint","urlTemplate":"https:\/\/hellocase.eu\/pl\/?s={search_term_string}"},"query-input":"required name=search_term_string"}],"inLanguage":"de-DE"}]}},"_links":{"self":[{"href":"https:\/\/hellocase.eu\/de\/wp-json\/wp\/v2\/pages\/102"}],"collection":[{"href":"https:\/\/hellocase.eu\/de\/wp-json\/wp\/v2\/pages"}],"about":[{"href":"https:\/\/hellocase.eu\/de\/wp-json\/wp\/v2\/types\/page"}],"author":[{"embeddable":true,"href":"https:\/\/hellocase.eu\/de\/wp-json\/wp\/v2\/users\/1"}],"replies":[{"embeddable":true,"href":"https:\/\/hellocase.eu\/de\/wp-json\/wp\/v2\/comments?post=102"}],"version-history":[{"count":0,"href":"https:\/\/hellocase.eu\/de\/wp-json\/wp\/v2\/pages\/102\/revisions"}],"wp:attachment":[{"href":"https:\/\/hellocase.eu\/de\/wp-json\/wp\/v2\/media?parent=102"}],"curies":[{"name":"wp","href":"https:\/\/api.w.org\/{rel}","templated":true}]}}